{"id":38,"date":"2025-08-28T18:36:57","date_gmt":"2025-08-28T18:36:57","guid":{"rendered":"https:\/\/dooprimebrokers.com\/?page_id=38"},"modified":"2025-11-08T17:20:44","modified_gmt":"2025-11-08T17:20:44","slug":"uber-doo-prime-profile-company","status":"publish","type":"page","link":"https:\/\/dooprimebrokers.com\/de_de\/about-doo-prime-profile-company\/","title":{"rendered":"\u00dcber Doo Prime Profile Company"},"content":{"rendered":"<div data-elementor-type=\"wp-page\" data-elementor-id=\"38\" class=\"elementor elementor-38\">\n\t\t\t\t<div class=\"elementor-element elementor-element-0d34051 e-flex e-con-boxed e-con e-parent\" data-id=\"0d34051\" data-element_type=\"container\" data-e-type=\"container\">\n\t\t\t\t\t<div class=\"e-con-inner\">\n\t\t\t\t<div class=\"elementor-element elementor-element-a39c55d elementor-widget elementor-widget-html\" data-id=\"a39c55d\" data-element_type=\"widget\" data-e-type=\"widget\" data-widget_type=\"html.default\">\n\t\t\t\t\t<!DOCTYPE html>\r\n<html lang=\"en\">\r\n<head>\r\n  <meta charset=\"UTF-8\">\r\n  <meta name=\"viewport\" content=\"width=device-width, initial-scale=1.0\">\r\n  <title>Doo Prime Broker \u2013 Profil &amp; Vorteile<\/title>\r\n  <meta name=\"description\" content=\"Erfahren Sie mehr \u00fcber Doo Prime, einen vertrauensw\u00fcrdigen globalen Broker. Entdecken Sie sein vollst\u00e4ndiges Profil und alle wichtigen Vorteile f\u00fcr H\u00e4ndler weltweit.\">\r\n  <link rel=\"stylesheet\" href=\"https:\/\/cdnjs.cloudflare.com\/ajax\/libs\/font-awesome\/6.4.0\/css\/all.min.css\">\r\n  <style>\r\n    body {\r\n      margin: 0;\r\n      font-family: \"Segoe UI\", Tahoma, Geneva, Verdana, sans-serif;\r\n      color: #222;\r\n      background-color: #fff;\r\n      line-height: 1.7;\r\n    }\r\n    header {\r\n      background: linear-gradient(135deg, #d40000, #ff3333);\r\n      color: #fff;\r\n      padding: 60px 20px;\r\n      text-align: center;\r\n    }\r\n    header h1 {\r\n      font-size: 2.5rem;\r\n      margin: 0;\r\n    }\r\n    header p {\r\n      font-size: 1.2rem;\r\n      margin-top: 10px;\r\n    }\r\n    section {\r\n      padding: 60px 20px;\r\n      max-width: 1100px;\r\n      margin: auto;\r\n    }\r\n    section h2 {\r\n      color: #d40000;\r\n      font-size: 2rem;\r\n      margin-bottom: 20px;\r\n      text-align: center;\r\n    }\r\n    .card-grid {\r\n      display: grid;\r\n      grid-template-columns: repeat(auto-fit, minmax(280px, 1fr));\r\n      gap: 20px;\r\n    }\r\n    .card {\r\n      background: #fff;\r\n      border: 2px solid #f2f2f2;\r\n      border-radius: 12px;\r\n      padding: 25px;\r\n      box-shadow: 0 6px 14px rgba(0,0,0,0.08);\r\n      text-align: center;\r\n      transition: transform 0.3s ease, box-shadow 0.3s ease;\r\n    }\r\n    .card:hover {\r\n      transform: translateY(-8px);\r\n      box-shadow: 0 10px 18px rgba(0,0,0,0.15);\r\n    }\r\n    .card i {\r\n      font-size: 2rem;\r\n      color: #d40000;\r\n      margin-bottom: 15px;\r\n    }\r\n    .card h3 {\r\n      margin-bottom: 10px;\r\n      font-size: 1.3rem;\r\n      color: #333;\r\n    }\r\n    footer {\r\n      background: #d40000;\r\n      color: #fff;\r\n      text-align: center;\r\n      padding: 30px 15px;\r\n      margin-top: 40px;\r\n    }\r\n    footer p {\r\n      margin: 0;\r\n      font-size: 0.95rem;\r\n    }\r\n    @media (max-width: 768px) {\r\n      header h1 { font-size: 2rem; }\r\n      section { padding: 40px 15px; }\r\n    }\r\n  <\/style>\r\n<\/head>\r\n<body>\r\n\r\n<header>\r\n  <h1>doo Prime Broker<\/h1>\r\n  <p>Ein vertrauensw\u00fcrdiger globaler Online-Broker mit leistungsstarken Vorteilen<\/p>\r\n<\/header>\r\n\r\n<section id=\"profile\">\r\n  <h2><i class=\"fas fa-user-tie\"><\/i> \u00dcber doo prime<\/h2>\r\n  <p>Doo Prime ist ein f\u00fchrender globaler Online-Handelsbroker, der Zugang zu Forex, CFDs, Rohstoffen, Indizes und digitalen Assets bietet. Mit modernster Technologie, einer starken regulatorischen Grundlage und einem Fokus auf die Zufriedenheit der H\u00e4ndler ist Doo Prime bestrebt, nahtlose und sichere Handelserfahrungen zu bieten. Der Broker ist international t\u00e4tig und bedient Kunden in Asien, Europa, Afrika und dar\u00fcber hinaus mit zuverl\u00e4ssigen Plattformen und transparenten Bedingungen.<\/p>\r\n<\/section>\r\n\r\n<section id=\"advantages\">\r\n  <h2><i class=\"fas fa-star\"><\/i> Hauptvorteile von DOO Prime<\/h2>\r\n  <div class=\"card-grid\">\r\n    <div class=\"card\">\r\n      <i class=\"fas fa-shield-alt\"><\/i>\r\n      <h3>Geregelt und vertrauensw\u00fcrdig<\/h3>\r\n      <p>Doo Prime ist von mehreren Finanzbeh\u00f6rden lizenziert und reguliert, was die Sicherheit, Transparenz und Vertrauen f\u00fcr H\u00e4ndler weltweit sicherstellt.<\/p>\r\n    <\/div>\r\n    <div class=\"card\">\r\n      <i class=\"fas fa-chart-line\"><\/i>\r\n      <h3>Ultra-Low-Spreads<\/h3>\r\n      <p>Handeln Sie mit wettbewerbsf\u00e4higen Spreads ab 0,0 Pips und tiefem Liquidit\u00e4tszugang f\u00fcr eine bessere Ausf\u00fchrungsgeschwindigkeit.<\/p>\r\n    <\/div>\r\n    <div class=\"card\">\r\n      <i class=\"fas fa-laptop-code\"><\/i>\r\n      <h3>Erweiterte Plattformen<\/h3>\r\n      <p>Zugriff auf MetaTrader 4, MetaTrader 5 und propriet\u00e4re Plattformen mit professionellen Charting-Tools und Multi-Ger\u00e4te-Unterst\u00fctzung.<\/p>\r\n    <\/div>\r\n    <div class=\"card\">\r\n      <i class=\"fas fa-globe\"><\/i>\r\n      <h3>Globale Pr\u00e4senz<\/h3>\r\n      <p>Kunden in mehr als 60 L\u00e4ndern mit mehrsprachiger Kundenbetreuung und lokalisierten Handelsl\u00f6sungen.<\/p>\r\n    <\/div>\r\n    <div class=\"card\">\r\n      <i class=\"fas fa-user-friends\"><\/i>\r\n      <h3>Kopieren &amp; Social Trading<\/h3>\r\n      <p>H\u00e4ndler k\u00f6nnen Strategien von Top-Performern kopieren oder ihr eigenes Fachwissen mit einer globalen Community teilen.<\/p>\r\n    <\/div>\r\n    <div class=\"card\">\r\n      <i class=\"fas fa-hand-holding-usd\"><\/i>\r\n      <h3>Flexible Finanzierung<\/h3>\r\n      <p>Genie\u00dfen Sie schnelle Ein- und Auszahlungen mit mehreren Methoden, einschlie\u00dflich Karten, \u00dcberweisung und E-Wallets.<\/p>\r\n    <\/div>\r\n    <div class=\"card\">\r\n      <i class=\"fas fa-headset\"><\/i>\r\n      <h3>24\/7-Unterst\u00fctzung<\/h3>\r\n      <p>Dedizierter Kundensupport rund um die Uhr verf\u00fcgbar, um H\u00e4ndler bei technischen und Account-Anforderungen zu unterst\u00fctzen.<\/p>\r\n    <\/div>\r\n    <div class=\"card\">\r\n      <i class=\"fas fa-university\"><\/i>\r\n      <h3>Bildungsressourcen<\/h3>\r\n      <p>Doo Prime bietet Schulungen, Webinare und Marktanalyse-Tools, um H\u00e4ndlern aller Ebenen zum Erfolg zu verhelfen.<\/p>\r\n    <\/div>\r\n  <\/div>\r\n<\/section>\r\n\r\n<footer>\r\n  <p>\u00a9 2025 DOO Prime Brokers Partner. Alle Rechte vorbehalten. Lizenziert und reguliert in mehreren Gerichtsbarkeiten.<\/p>\r\n<\/footer>\r\n\r\n<\/body>\r\n<\/html>\r\n\t\t\t\t<\/div>\n\t\t\t\t\t<\/div>\n\t\t\t\t<\/div>\n\t\t\t\t<\/div>","protected":false},"excerpt":{"rendered":"<p>&nbsp; &nbsp; Doo Prime Broker A Trusted Global Online Broker with Powerful Advantages About Doo Prime Doo Prime is a [&hellip;]<\/p>\n","protected":false},"author":1,"featured_media":0,"parent":0,"menu_order":0,"comment_status":"closed","ping_status":"closed","template":"elementor_header_footer","meta":{"site-sidebar-layout":"no-sidebar","site-content-layout":"","ast-site-content-layout":"full-width-container","site-content-style":"default","site-sidebar-style":"default","ast-global-header-display":"","ast-banner-title-visibility":"","ast-main-header-display":"","ast-hfb-above-header-display":"","ast-hfb-below-header-display":"","ast-hfb-mobile-header-display":"","site-post-title":"","ast-breadcrumbs-content":"","ast-featured-img":"disabled","footer-sml-layout":"","ast-disable-related-posts":"","theme-transparent-header-meta":"default","adv-header-id-meta":"","stick-header-meta":"","header-above-stick-meta":"","header-main-stick-meta":"","header-below-stick-meta":"","astra-migrate-meta-layouts":"set","ast-page-background-enabled":"default","ast-page-background-meta":{"desktop":{"background-color":"var(--ast-global-color-5)","background-image":"","background-repeat":"repeat","background-position":"center center","background-size":"auto","background-attachment":"scroll","background-type":"","background-media":"","overlay-type":"","overlay-color":"","overlay-opacity":"","overlay-gradient":""},"tablet":{"background-color":"","background-image":"","background-repeat":"repeat","background-position":"center center","background-size":"auto","background-attachment":"scroll","background-type":"","background-media":"","overlay-type":"","overlay-color":"","overlay-opacity":"","overlay-gradient":""},"mobile":{"background-color":"","background-image":"","background-repeat":"repeat","background-position":"center center","background-size":"auto","background-attachment":"scroll","background-type":"","background-media":"","overlay-type":"","overlay-color":"","overlay-opacity":"","overlay-gradient":""}},"ast-content-background-meta":{"desktop":{"background-color":"var(--ast-global-color-4)","background-image":"","background-repeat":"repeat","background-position":"center center","background-size":"auto","background-attachment":"scroll","background-type":"","background-media":"","overlay-type":"","overlay-color":"","overlay-opacity":"","overlay-gradient":""},"tablet":{"background-color":"var(--ast-global-color-4)","background-image":"","background-repeat":"repeat","background-position":"center center","background-size":"auto","background-attachment":"scroll","background-type":"","background-media":"","overlay-type":"","overlay-color":"","overlay-opacity":"","overlay-gradient":""},"mobile":{"background-color":"var(--ast-global-color-4)","background-image":"","background-repeat":"repeat","background-position":"center center","background-size":"auto","background-attachment":"scroll","background-type":"","background-media":"","overlay-type":"","overlay-color":"","overlay-opacity":"","overlay-gradient":""}},"footnotes":""},"class_list":["post-38","page","type-page","status-publish","hentry"],"_links":{"self":[{"href":"https:\/\/dooprimebrokers.com\/de_de\/wp-json\/wp\/v2\/pages\/38","targetHints":{"allow":["GET"]}}],"collection":[{"href":"https:\/\/dooprimebrokers.com\/de_de\/wp-json\/wp\/v2\/pages"}],"about":[{"href":"https:\/\/dooprimebrokers.com\/de_de\/wp-json\/wp\/v2\/types\/page"}],"author":[{"embeddable":true,"href":"https:\/\/dooprimebrokers.com\/de_de\/wp-json\/wp\/v2\/users\/1"}],"replies":[{"embeddable":true,"href":"https:\/\/dooprimebrokers.com\/de_de\/wp-json\/wp\/v2\/comments?post=38"}],"version-history":[{"count":10,"href":"https:\/\/dooprimebrokers.com\/de_de\/wp-json\/wp\/v2\/pages\/38\/revisions"}],"predecessor-version":[{"id":188,"href":"https:\/\/dooprimebrokers.com\/de_de\/wp-json\/wp\/v2\/pages\/38\/revisions\/188"}],"wp:attachment":[{"href":"https:\/\/dooprimebrokers.com\/de_de\/wp-json\/wp\/v2\/media?parent=38"}],"curies":[{"name":"wp","href":"https:\/\/api.w.org\/{rel}","templated":true}]}}