{"id":38,"date":"2025-08-28T18:36:57","date_gmt":"2025-08-28T18:36:57","guid":{"rendered":"https:\/\/dooprimebrokers.com\/?page_id=38"},"modified":"2025-11-08T17:20:44","modified_gmt":"2025-11-08T17:20:44","slug":"a-propos-de-doo-prime-profile-entreprise","status":"publish","type":"page","link":"https:\/\/dooprimebrokers.com\/fr\/about-doo-prime-profile-company\/","title":{"rendered":"\u00c0 propos de Doo Prime Profile Entreprise"},"content":{"rendered":"<div data-elementor-type=\"wp-page\" data-elementor-id=\"38\" class=\"elementor elementor-38\">\n\t\t\t\t<div class=\"elementor-element elementor-element-0d34051 e-flex e-con-boxed e-con e-parent\" data-id=\"0d34051\" data-element_type=\"container\" data-e-type=\"container\">\n\t\t\t\t\t<div class=\"e-con-inner\">\n\t\t\t\t<div class=\"elementor-element elementor-element-a39c55d elementor-widget elementor-widget-html\" data-id=\"a39c55d\" data-element_type=\"widget\" data-e-type=\"widget\" data-widget_type=\"html.default\">\n\t\t\t\t\t<!DOCTYPE html>\r\n<html lang=\"en\">\r\n<head>\r\n  <meta charset=\"UTF-8\">\r\n  <meta name=\"viewport\" content=\"width=device-width, initial-scale=1.0\">\r\n  <title>DOO Prime Broker \u2013 Profil et avantages<\/title>\r\n  <meta name=\"description\" content=\"En savoir plus sur Doo Prime, un courtier mondial de confiance. D\u00e9couvrez son profil complet et tous les avantages cl\u00e9s pour les traders du monde entier.\">\r\n  <link rel=\"stylesheet\" href=\"https:\/\/cdnjs.cloudflare.com\/ajax\/libs\/font-awesome\/6.4.0\/css\/all.min.css\">\r\n  <style>\r\n    body {\r\n      margin: 0;\r\n      font-family: \"Segoe UI\", Tahoma, Geneva, Verdana, sans-serif;\r\n      color: #222;\r\n      background-color: #fff;\r\n      line-height: 1.7;\r\n    }\r\n    header {\r\n      background: linear-gradient(135deg, #d40000, #ff3333);\r\n      color: #fff;\r\n      padding: 60px 20px;\r\n      text-align: center;\r\n    }\r\n    header h1 {\r\n      font-size: 2.5rem;\r\n      margin: 0;\r\n    }\r\n    header p {\r\n      font-size: 1.2rem;\r\n      margin-top: 10px;\r\n    }\r\n    section {\r\n      padding: 60px 20px;\r\n      max-width: 1100px;\r\n      margin: auto;\r\n    }\r\n    section h2 {\r\n      color: #d40000;\r\n      font-size: 2rem;\r\n      margin-bottom: 20px;\r\n      text-align: center;\r\n    }\r\n    .card-grid {\r\n      display: grid;\r\n      grid-template-columns: repeat(auto-fit, minmax(280px, 1fr));\r\n      gap: 20px;\r\n    }\r\n    .card {\r\n      background: #fff;\r\n      border: 2px solid #f2f2f2;\r\n      border-radius: 12px;\r\n      padding: 25px;\r\n      box-shadow: 0 6px 14px rgba(0,0,0,0.08);\r\n      text-align: center;\r\n      transition: transform 0.3s ease, box-shadow 0.3s ease;\r\n    }\r\n    .card:hover {\r\n      transform: translateY(-8px);\r\n      box-shadow: 0 10px 18px rgba(0,0,0,0.15);\r\n    }\r\n    .card i {\r\n      font-size: 2rem;\r\n      color: #d40000;\r\n      margin-bottom: 15px;\r\n    }\r\n    .card h3 {\r\n      margin-bottom: 10px;\r\n      font-size: 1.3rem;\r\n      color: #333;\r\n    }\r\n    footer {\r\n      background: #d40000;\r\n      color: #fff;\r\n      text-align: center;\r\n      padding: 30px 15px;\r\n      margin-top: 40px;\r\n    }\r\n    footer p {\r\n      margin: 0;\r\n      font-size: 0.95rem;\r\n    }\r\n    @media (max-width: 768px) {\r\n      header h1 { font-size: 2rem; }\r\n      section { padding: 40px 15px; }\r\n    }\r\n  <\/style>\r\n<\/head>\r\n<body>\r\n\r\n<header>\r\n  <h1>Courtier Prime Doo<\/h1>\r\n  <p>Un courtier mondial de confiance en ligne avec de puissants avantages<\/p>\r\n<\/header>\r\n\r\n<section id=\"profile\">\r\n  <h2><i class=\"fas fa-user-tie\"><\/i> \u00c0 propos de Doo Prime<\/h2>\r\n  <p>Doo Prime est un courtier de trading en ligne mondial qui offre un acc\u00e8s au Forex, aux CFD, aux mati\u00e8res premi\u00e8res, aux indices et aux actifs num\u00e9riques. Avec une technologie de pointe, une base r\u00e9glementaire solide et une concentration sur la satisfaction des traders, DOO Prime s'engage \u00e0 offrir des exp\u00e9riences de trading transparentes et s\u00e9curis\u00e9es. Le courtier op\u00e8re \u00e0 l'international, au service de clients \u00e0 travers l'Asie, l'Europe, l'Afrique, et au-del\u00e0 avec des plates-formes fiables et des conditions transparentes.<\/p>\r\n<\/section>\r\n\r\n<section id=\"advantages\">\r\n  <h2><i class=\"fas fa-star\"><\/i> Principaux avantages de DOO Prime<\/h2>\r\n  <div class=\"card-grid\">\r\n    <div class=\"card\">\r\n      <i class=\"fas fa-shield-alt\"><\/i>\r\n      <h3>R\u00e9glement\u00e9 et fiable<\/h3>\r\n      <p>DOO Prime est autoris\u00e9 et r\u00e9glement\u00e9 par plusieurs autorit\u00e9s financi\u00e8res, assurant la s\u00e9curit\u00e9, la transparence et la confiance des commer\u00e7ants du monde entier.<\/p>\r\n    <\/div>\r\n    <div class=\"card\">\r\n      <i class=\"fas fa-chart-line\"><\/i>\r\n      <h3>spreads ultra-faibles<\/h3>\r\n      <p>N\u00e9gociez avec des spreads tr\u00e8s comp\u00e9titifs \u00e0 partir de 0,0 pips et un acc\u00e8s \u00e0 la liquidit\u00e9 profonde pour une meilleure vitesse d'ex\u00e9cution.<\/p>\r\n    <\/div>\r\n    <div class=\"card\">\r\n      <i class=\"fas fa-laptop-code\"><\/i>\r\n      <h3>Plateformes avanc\u00e9es<\/h3>\r\n      <p>Acc\u00e8s \u00e0 MetaTrader 4, MetaTrader 5 et aux plates-formes propri\u00e9taires avec des outils de cartographie professionnels et un support multi-appareils.<\/p>\r\n    <\/div>\r\n    <div class=\"card\">\r\n      <i class=\"fas fa-globe\"><\/i>\r\n      <h3>pr\u00e9sence mondiale<\/h3>\r\n      <p>Au service de clients dans plus de 60 pays avec un support client multilingue et des solutions de trading localis\u00e9es.<\/p>\r\n    <\/div>\r\n    <div class=\"card\">\r\n      <i class=\"fas fa-user-friends\"><\/i>\r\n      <h3>Copie et \u00e9change social<\/h3>\r\n      <p>Les traders peuvent copier des strat\u00e9gies des plus performants ou partager leur propre expertise avec une communaut\u00e9 mondiale.<\/p>\r\n    <\/div>\r\n    <div class=\"card\">\r\n      <i class=\"fas fa-hand-holding-usd\"><\/i>\r\n      <h3>Financement flexible<\/h3>\r\n      <p>Profitez de d\u00e9p\u00f4ts et de retraits rapides avec plusieurs m\u00e9thodes, notamment des cartes, des virements bancaires et des portefeuilles \u00e9lectroniques.<\/p>\r\n    <\/div>\r\n    <div class=\"card\">\r\n      <i class=\"fas fa-headset\"><\/i>\r\n      <h3>Assistance 24h\/24 et 7j<\/h3>\r\n      <p>Un service client d\u00e9di\u00e9 est disponible 24 heures sur 24 pour aider les traders avec des besoins techniques et de compte.<\/p>\r\n    <\/div>\r\n    <div class=\"card\">\r\n      <i class=\"fas fa-university\"><\/i>\r\n      <h3>Ressources p\u00e9dagogique<\/h3>\r\n      <p>DOO Prime fournit des formations, des webinaires et des outils d'analyse de march\u00e9 pour aider les traders de tous niveaux \u00e0 r\u00e9ussir.<\/p>\r\n    <\/div>\r\n  <\/div>\r\n<\/section>\r\n\r\n<footer>\r\n  <p>\u00a9 2025 DOO Prime Brokers Affiliate. Tous droits r\u00e9serv\u00e9s. autoris\u00e9s et r\u00e9glement\u00e9s sous plusieurs juridictions.<\/p>\r\n<\/footer>\r\n\r\n<\/body>\r\n<\/html>\r\n\t\t\t\t<\/div>\n\t\t\t\t\t<\/div>\n\t\t\t\t<\/div>\n\t\t\t\t<\/div>","protected":false},"excerpt":{"rendered":"<p>&nbsp; &nbsp; Doo Prime Broker A Trusted Global Online Broker with Powerful Advantages About Doo Prime Doo Prime is a [&hellip;]<\/p>\n","protected":false},"author":1,"featured_media":0,"parent":0,"menu_order":0,"comment_status":"closed","ping_status":"closed","template":"elementor_header_footer","meta":{"site-sidebar-layout":"no-sidebar","site-content-layout":"","ast-site-content-layout":"full-width-container","site-content-style":"default","site-sidebar-style":"default","ast-global-header-display":"","ast-banner-title-visibility":"","ast-main-header-display":"","ast-hfb-above-header-display":"","ast-hfb-below-header-display":"","ast-hfb-mobile-header-display":"","site-post-title":"","ast-breadcrumbs-content":"","ast-featured-img":"disabled","footer-sml-layout":"","ast-disable-related-posts":"","theme-transparent-header-meta":"default","adv-header-id-meta":"","stick-header-meta":"","header-above-stick-meta":"","header-main-stick-meta":"","header-below-stick-meta":"","astra-migrate-meta-layouts":"set","ast-page-background-enabled":"default","ast-page-background-meta":{"desktop":{"background-color":"var(--ast-global-color-5)","background-image":"","background-repeat":"repeat","background-position":"center center","background-size":"auto","background-attachment":"scroll","background-type":"","background-media":"","overlay-type":"","overlay-color":"","overlay-opacity":"","overlay-gradient":""},"tablet":{"background-color":"","background-image":"","background-repeat":"repeat","background-position":"center center","background-size":"auto","background-attachment":"scroll","background-type":"","background-media":"","overlay-type":"","overlay-color":"","overlay-opacity":"","overlay-gradient":""},"mobile":{"background-color":"","background-image":"","background-repeat":"repeat","background-position":"center center","background-size":"auto","background-attachment":"scroll","background-type":"","background-media":"","overlay-type":"","overlay-color":"","overlay-opacity":"","overlay-gradient":""}},"ast-content-background-meta":{"desktop":{"background-color":"var(--ast-global-color-4)","background-image":"","background-repeat":"repeat","background-position":"center center","background-size":"auto","background-attachment":"scroll","background-type":"","background-media":"","overlay-type":"","overlay-color":"","overlay-opacity":"","overlay-gradient":""},"tablet":{"background-color":"var(--ast-global-color-4)","background-image":"","background-repeat":"repeat","background-position":"center center","background-size":"auto","background-attachment":"scroll","background-type":"","background-media":"","overlay-type":"","overlay-color":"","overlay-opacity":"","overlay-gradient":""},"mobile":{"background-color":"var(--ast-global-color-4)","background-image":"","background-repeat":"repeat","background-position":"center center","background-size":"auto","background-attachment":"scroll","background-type":"","background-media":"","overlay-type":"","overlay-color":"","overlay-opacity":"","overlay-gradient":""}},"footnotes":""},"class_list":["post-38","page","type-page","status-publish","hentry"],"_links":{"self":[{"href":"https:\/\/dooprimebrokers.com\/fr\/wp-json\/wp\/v2\/pages\/38","targetHints":{"allow":["GET"]}}],"collection":[{"href":"https:\/\/dooprimebrokers.com\/fr\/wp-json\/wp\/v2\/pages"}],"about":[{"href":"https:\/\/dooprimebrokers.com\/fr\/wp-json\/wp\/v2\/types\/page"}],"author":[{"embeddable":true,"href":"https:\/\/dooprimebrokers.com\/fr\/wp-json\/wp\/v2\/users\/1"}],"replies":[{"embeddable":true,"href":"https:\/\/dooprimebrokers.com\/fr\/wp-json\/wp\/v2\/comments?post=38"}],"version-history":[{"count":10,"href":"https:\/\/dooprimebrokers.com\/fr\/wp-json\/wp\/v2\/pages\/38\/revisions"}],"predecessor-version":[{"id":188,"href":"https:\/\/dooprimebrokers.com\/fr\/wp-json\/wp\/v2\/pages\/38\/revisions\/188"}],"wp:attachment":[{"href":"https:\/\/dooprimebrokers.com\/fr\/wp-json\/wp\/v2\/media?parent=38"}],"curies":[{"name":"WP","href":"https:\/\/api.w.org\/{rel}","templated":true}]}}