{"id":54,"date":"2025-08-28T18:50:02","date_gmt":"2025-08-28T18:50:02","guid":{"rendered":"https:\/\/dooprimebrokers.com\/?page_id=54"},"modified":"2025-11-08T17:23:00","modified_gmt":"2025-11-08T17:23:00","slug":"doo-prime-trading-instruments","status":"publish","type":"page","link":"https:\/\/dooprimebrokers.com\/fr\/doo-prime-trading-instruments\/","title":{"rendered":"DOO Prime Trading Instruments"},"content":{"rendered":"<div data-elementor-type=\"wp-page\" data-elementor-id=\"54\" class=\"elementor elementor-54\">\n\t\t\t\t<div class=\"elementor-element elementor-element-fb04888 e-flex e-con-boxed e-con e-parent\" data-id=\"fb04888\" data-element_type=\"container\" data-e-type=\"container\">\n\t\t\t\t\t<div class=\"e-con-inner\">\n\t\t\t\t<div class=\"elementor-element elementor-element-563a7cb elementor-widget elementor-widget-html\" data-id=\"563a7cb\" data-element_type=\"widget\" data-e-type=\"widget\" data-widget_type=\"html.default\">\n\t\t\t\t\t<!DOCTYPE html>\r\n<html lang=\"en\">\r\n<head>\r\n  <meta charset=\"UTF-8\">\r\n  <meta name=\"viewport\" content=\"width=device-width, initial-scale=1.0\">\r\n  <title>DOO Prime Trading Instruments<\/title>\r\n  <meta name=\"description\" content=\"Explorez tous les instruments de trading Doo Prime, y compris le forex, les mati\u00e8res premi\u00e8res, les indices, les actions, les crypto-monnaies et les ETF. Diversifiez votre portefeuille gr\u00e2ce \u00e0 l&#039;acc\u00e8s au march\u00e9 mondial.\">\r\n  <link rel=\"stylesheet\" href=\"https:\/\/cdnjs.cloudflare.com\/ajax\/libs\/font-awesome\/6.4.0\/css\/all.min.css\">\r\n  <style>\r\n    body {\r\n      margin: 0;\r\n      font-family: 'Segoe UI', Tahoma, Geneva, Verdana, sans-serif;\r\n      background: #fff;\r\n      color: #333;\r\n      line-height: 1.6;\r\n    }\r\n    header {\r\n      background: linear-gradient(90deg, #d60000, #8c0000);\r\n      color: #fff;\r\n      text-align: center;\r\n      padding: 2rem 1rem;\r\n    }\r\n    header h1 {\r\n      margin: 0;\r\n      font-size: 2.5rem;\r\n    }\r\n    header p {\r\n      margin: .5rem 0 0;\r\n      font-size: 1.1rem;\r\n    }\r\n    .container {\r\n      max-width: 1200px;\r\n      margin: auto;\r\n      padding: 2rem 1rem;\r\n    }\r\n    .section-title {\r\n      text-align: center;\r\n      margin-bottom: 2rem;\r\n      font-size: 2rem;\r\n      color: #d60000;\r\n    }\r\n    .instruments {\r\n      display: grid;\r\n      grid-template-columns: repeat(auto-fit, minmax(280px, 1fr));\r\n      gap: 1.5rem;\r\n    }\r\n    .card {\r\n      background: #fff;\r\n      border: 1px solid #eee;\r\n      border-radius: 12px;\r\n      padding: 2rem;\r\n      box-shadow: 0 4px 8px rgba(0,0,0,0.05);\r\n      transition: all .3s ease;\r\n      text-align: center;\r\n    }\r\n    .card:hover {\r\n      transform: translateY(-5px);\r\n      box-shadow: 0 8px 16px rgba(0,0,0,0.1);\r\n    }\r\n    .card i {\r\n      font-size: 2.5rem;\r\n      color: #d60000;\r\n      margin-bottom: 1rem;\r\n    }\r\n    .card h3 {\r\n      margin-bottom: .8rem;\r\n      color: #8c0000;\r\n      font-size: 1.4rem;\r\n    }\r\n    .card p {\r\n      font-size: .95rem;\r\n    }\r\n    .cta-section {\r\n      text-align: center;\r\n      margin: 3rem 0 2rem;\r\n    }\r\n    .btn {\r\n      display: inline-block;\r\n      background: #d60000;\r\n      color: #fff;\r\n      padding: .8rem 2rem;\r\n      border-radius: 25px;\r\n      text-decoration: none;\r\n      font-weight: bold;\r\n      font-size: 1.1rem;\r\n      transition: all .3s ease;\r\n    }\r\n    .btn:hover {\r\n      background: #8c0000;\r\n    }\r\n    footer {\r\n      background: #8c0000;\r\n      color: #fff;\r\n      text-align: center;\r\n      padding: 1rem;\r\n      margin-top: 2rem;\r\n    }\r\n    @media(max-width:600px) {\r\n      header h1 { font-size: 2rem; }\r\n      .card { padding: 1.5rem; }\r\n    }\r\n  <\/style>\r\n<\/head>\r\n<body>\r\n\r\n<header>\r\n  <h1>DOO Prime Trading Instruments<\/h1>\r\n  <p>Diversifiez votre portefeuille avec des march\u00e9s mondiaux et des instruments flexibles<\/p>\r\n<\/header>\r\n\r\n<div class=\"container\">\r\n  <h2 class=\"section-title\">Instruments disponibles<\/h2>\r\n  <div class=\"instruments\">\r\n\r\n    <div class=\"card\">\r\n      <i class=\"fas fa-dollar-sign\"><\/i>\r\n      <h3>\u00e9tranger<\/h3>\r\n      <p>N\u00e9gociez plus de 60\u00a0paires de devises majeures, mineures et exotiques avec des spreads serr\u00e9s et une ex\u00e9cution rapide. Acc\u00e9dez au plus grand march\u00e9 financier du monde 24\/5.<\/p>\r\n    <\/div>\r\n\r\n    <div class=\"card\">\r\n      <i class=\"fas fa-oil-can\"><\/i>\r\n      <h3>mati\u00e8res premi\u00e8res<\/h3>\r\n      <p>Diversifier avec l'\u00e9nergie, les m\u00e9taux et les produits agricoles. Tradez du p\u00e9trole, de l'or, de l'argent et plus encore pour vous prot\u00e9ger contre l'inflation et la volatilit\u00e9 des march\u00e9s.<\/p>\r\n    <\/div>\r\n\r\n    <div class=\"card\">\r\n      <i class=\"fas fa-chart-line\"><\/i>\r\n      <h3>indices<\/h3>\r\n      <p>Acc\u00e9dez \u00e0 des indices boursiers mondiaux tels que S&amp;P 500, Dow Jones, Dax et Nikkei. B\u00e9n\u00e9ficiez d'une large exposition au march\u00e9 avec une seule position.<\/p>\r\n    <\/div>\r\n\r\n    <div class=\"card\">\r\n      <i class=\"fas fa-building\"><\/i>\r\n      <h3>actions<\/h3>\r\n      <p>Investissez dans des soci\u00e9t\u00e9s mondiales, notamment des actions am\u00e9ricaines, britanniques et asiatiques. \u00c9changez des noms populaires tels qu'Apple, Tesla et Amazon avec un effet de levier flexible.<\/p>\r\n    <\/div>\r\n\r\n    <div class=\"card\">\r\n      <i class=\"fas fa-coins\"><\/i>\r\n      <h3>Crypto-monnaies<\/h3>\r\n      <p>Commerce de crypto-monnaies leader comme Bitcoin, Ethereum et Litecoin sans avoir besoin d'un portefeuille. Acc\u00e9dez en toute s\u00e9curit\u00e9 aux actifs num\u00e9riques \u00e0 haute volatilit\u00e9.<\/p>\r\n    <\/div>\r\n\r\n    <div class=\"card\">\r\n      <i class=\"fas fa-chart-pie\"><\/i>\r\n      <h3>ETF<\/h3>\r\n      <p>Gagnez une exposition diversifi\u00e9e aux secteurs, mati\u00e8res premi\u00e8res et march\u00e9s avec des fonds n\u00e9goci\u00e9s en bourse. FNB commerciaux avec des prix transparents.<\/p>\r\n    <\/div>\r\n\r\n  <\/div>\r\n\r\n  <div class=\"cta-section\">\r\n    <a href=\"https:\/\/my.dooprime.com\/links\/go\/15563\" class=\"btn\" target=\"_blank\" rel=\"noopener\">Ouvrir un compte maintenant<\/a>\r\n  <\/div>\r\n<\/div>\r\n\r\n<footer>\r\n  <p>\u00a9 2025 DOO Prime Brokers. Tous droits r\u00e9serv\u00e9s.<\/p>\r\n<\/footer>\r\n\r\n<\/body>\r\n<\/html>\r\n\t\t\t\t<\/div>\n\t\t\t\t\t<\/div>\n\t\t\t\t<\/div>\n\t\t\t\t<\/div>","protected":false},"excerpt":{"rendered":"<p>&nbsp; &nbsp; Doo Prime Trading Instruments Diversify your portfolio with global markets and flexible instruments Available Instruments Forex Trade over [&hellip;]<\/p>\n","protected":false},"author":1,"featured_media":0,"parent":0,"menu_order":0,"comment_status":"closed","ping_status":"closed","template":"elementor_header_footer","meta":{"site-sidebar-layout":"no-sidebar","site-content-layout":"","ast-site-content-layout":"full-width-container","site-content-style":"default","site-sidebar-style":"default","ast-global-header-display":"","ast-banner-title-visibility":"","ast-main-header-display":"","ast-hfb-above-header-display":"","ast-hfb-below-header-display":"","ast-hfb-mobile-header-display":"","site-post-title":"","ast-breadcrumbs-content":"","ast-featured-img":"disabled","footer-sml-layout":"","ast-disable-related-posts":"","theme-transparent-header-meta":"default","adv-header-id-meta":"","stick-header-meta":"","header-above-stick-meta":"","header-main-stick-meta":"","header-below-stick-meta":"","astra-migrate-meta-layouts":"set","ast-page-background-enabled":"default","ast-page-background-meta":{"desktop":{"background-color":"var(--ast-global-color-5)","background-image":"","background-repeat":"repeat","background-position":"center center","background-size":"auto","background-attachment":"scroll","background-type":"","background-media":"","overlay-type":"","overlay-color":"","overlay-opacity":"","overlay-gradient":""},"tablet":{"background-color":"","background-image":"","background-repeat":"repeat","background-position":"center center","background-size":"auto","background-attachment":"scroll","background-type":"","background-media":"","overlay-type":"","overlay-color":"","overlay-opacity":"","overlay-gradient":""},"mobile":{"background-color":"","background-image":"","background-repeat":"repeat","background-position":"center center","background-size":"auto","background-attachment":"scroll","background-type":"","background-media":"","overlay-type":"","overlay-color":"","overlay-opacity":"","overlay-gradient":""}},"ast-content-background-meta":{"desktop":{"background-color":"var(--ast-global-color-4)","background-image":"","background-repeat":"repeat","background-position":"center center","background-size":"auto","background-attachment":"scroll","background-type":"","background-media":"","overlay-type":"","overlay-color":"","overlay-opacity":"","overlay-gradient":""},"tablet":{"background-color":"var(--ast-global-color-4)","background-image":"","background-repeat":"repeat","background-position":"center center","background-size":"auto","background-attachment":"scroll","background-type":"","background-media":"","overlay-type":"","overlay-color":"","overlay-opacity":"","overlay-gradient":""},"mobile":{"background-color":"var(--ast-global-color-4)","background-image":"","background-repeat":"repeat","background-position":"center center","background-size":"auto","background-attachment":"scroll","background-type":"","background-media":"","overlay-type":"","overlay-color":"","overlay-opacity":"","overlay-gradient":""}},"footnotes":""},"class_list":["post-54","page","type-page","status-publish","hentry"],"_links":{"self":[{"href":"https:\/\/dooprimebrokers.com\/fr\/wp-json\/wp\/v2\/pages\/54","targetHints":{"allow":["GET"]}}],"collection":[{"href":"https:\/\/dooprimebrokers.com\/fr\/wp-json\/wp\/v2\/pages"}],"about":[{"href":"https:\/\/dooprimebrokers.com\/fr\/wp-json\/wp\/v2\/types\/page"}],"author":[{"embeddable":true,"href":"https:\/\/dooprimebrokers.com\/fr\/wp-json\/wp\/v2\/users\/1"}],"replies":[{"embeddable":true,"href":"https:\/\/dooprimebrokers.com\/fr\/wp-json\/wp\/v2\/comments?post=54"}],"version-history":[{"count":9,"href":"https:\/\/dooprimebrokers.com\/fr\/wp-json\/wp\/v2\/pages\/54\/revisions"}],"predecessor-version":[{"id":190,"href":"https:\/\/dooprimebrokers.com\/fr\/wp-json\/wp\/v2\/pages\/54\/revisions\/190"}],"wp:attachment":[{"href":"https:\/\/dooprimebrokers.com\/fr\/wp-json\/wp\/v2\/media?parent=54"}],"curies":[{"name":"WP","href":"https:\/\/api.w.org\/{rel}","templated":true}]}}