{"id":38,"date":"2025-08-28T18:36:57","date_gmt":"2025-08-28T18:36:57","guid":{"rendered":"https:\/\/dooprimebrokers.com\/?page_id=38"},"modified":"2025-11-08T17:20:44","modified_gmt":"2025-11-08T17:20:44","slug":"sobre-a-empresa-de-perfil-doo-prime","status":"publish","type":"page","link":"https:\/\/dooprimebrokers.com\/pt\/about-doo-prime-profile-company\/","title":{"rendered":"Sobre a empresa de perfil Doo Prime"},"content":{"rendered":"<div data-elementor-type=\"wp-page\" data-elementor-id=\"38\" class=\"elementor elementor-38\">\n\t\t\t\t<div class=\"elementor-element elementor-element-0d34051 e-flex e-con-boxed e-con e-parent\" data-id=\"0d34051\" data-element_type=\"container\" data-e-type=\"container\">\n\t\t\t\t\t<div class=\"e-con-inner\">\n\t\t\t\t<div class=\"elementor-element elementor-element-a39c55d elementor-widget elementor-widget-html\" data-id=\"a39c55d\" data-element_type=\"widget\" data-e-type=\"widget\" data-widget_type=\"html.default\">\n\t\t\t\t\t<!DOCTYPE html>\r\n<html lang=\"en\">\r\n<head>\r\n  <meta charset=\"UTF-8\">\r\n  <meta name=\"viewport\" content=\"width=device-width, initial-scale=1.0\">\r\n  <title>Doo Prime Broker \u2013 Perfil e vantagens<\/title>\r\n  <meta name=\"description\" content=\"Saiba mais sobre o Doo Prime, um corretor global confi\u00e1vel. Descubra seu perfil completo e todas as vantagens importantes para os traders em todo o mundo.\">\r\n  <link rel=\"stylesheet\" href=\"https:\/\/cdnjs.cloudflare.com\/ajax\/libs\/font-awesome\/6.4.0\/css\/all.min.css\">\r\n  <style>\r\n    body {\r\n      margin: 0;\r\n      font-family: \"Segoe UI\", Tahoma, Geneva, Verdana, sans-serif;\r\n      color: #222;\r\n      background-color: #fff;\r\n      line-height: 1.7;\r\n    }\r\n    header {\r\n      background: linear-gradient(135deg, #d40000, #ff3333);\r\n      color: #fff;\r\n      padding: 60px 20px;\r\n      text-align: center;\r\n    }\r\n    header h1 {\r\n      font-size: 2.5rem;\r\n      margin: 0;\r\n    }\r\n    header p {\r\n      font-size: 1.2rem;\r\n      margin-top: 10px;\r\n    }\r\n    section {\r\n      padding: 60px 20px;\r\n      max-width: 1100px;\r\n      margin: auto;\r\n    }\r\n    section h2 {\r\n      color: #d40000;\r\n      font-size: 2rem;\r\n      margin-bottom: 20px;\r\n      text-align: center;\r\n    }\r\n    .card-grid {\r\n      display: grid;\r\n      grid-template-columns: repeat(auto-fit, minmax(280px, 1fr));\r\n      gap: 20px;\r\n    }\r\n    .card {\r\n      background: #fff;\r\n      border: 2px solid #f2f2f2;\r\n      border-radius: 12px;\r\n      padding: 25px;\r\n      box-shadow: 0 6px 14px rgba(0,0,0,0.08);\r\n      text-align: center;\r\n      transition: transform 0.3s ease, box-shadow 0.3s ease;\r\n    }\r\n    .card:hover {\r\n      transform: translateY(-8px);\r\n      box-shadow: 0 10px 18px rgba(0,0,0,0.15);\r\n    }\r\n    .card i {\r\n      font-size: 2rem;\r\n      color: #d40000;\r\n      margin-bottom: 15px;\r\n    }\r\n    .card h3 {\r\n      margin-bottom: 10px;\r\n      font-size: 1.3rem;\r\n      color: #333;\r\n    }\r\n    footer {\r\n      background: #d40000;\r\n      color: #fff;\r\n      text-align: center;\r\n      padding: 30px 15px;\r\n      margin-top: 40px;\r\n    }\r\n    footer p {\r\n      margin: 0;\r\n      font-size: 0.95rem;\r\n    }\r\n    @media (max-width: 768px) {\r\n      header h1 { font-size: 2rem; }\r\n      section { padding: 40px 15px; }\r\n    }\r\n  <\/style>\r\n<\/head>\r\n<body>\r\n\r\n<header>\r\n  <h1>Doo Prime Broker<\/h1>\r\n  <p>Um corretor online global confi\u00e1vel com vantagens poderosas<\/p>\r\n<\/header>\r\n\r\n<section id=\"profile\">\r\n  <h2><i class=\"fas fa-user-tie\"><\/i> Sobre o Doo Prime<\/h2>\r\n  <p>A Doo Prime \u00e9 uma corretora de negocia\u00e7\u00e3o on-line global l\u00edder que fornece acesso a forex, CFDs, commodities, \u00edndices e ativos digitais. Com tecnologia de ponta, uma base regulat\u00f3ria forte e foco na satisfa\u00e7\u00e3o do trader, a Doo Prime est\u00e1 comprometida em oferecer experi\u00eancias de negocia\u00e7\u00e3o perfeitas e seguras. O corretor opera internacionalmente, atendendo clientes na \u00c1sia, Europa, \u00c1frica e al\u00e9m com plataformas confi\u00e1veis e condi\u00e7\u00f5es transparentes.<\/p>\r\n<\/section>\r\n\r\n<section id=\"advantages\">\r\n  <h2><i class=\"fas fa-star\"><\/i> Principais vantagens do Doo Prime<\/h2>\r\n  <div class=\"card-grid\">\r\n    <div class=\"card\">\r\n      <i class=\"fas fa-shield-alt\"><\/i>\r\n      <h3>Regulamentado e confi\u00e1vel<\/h3>\r\n      <p>O Doo Prime \u00e9 licenciado e regulamentado por v\u00e1rias autoridades financeiras, garantindo seguran\u00e7a, transpar\u00eancia e confian\u00e7a para os traders em todo o mundo.<\/p>\r\n    <\/div>\r\n    <div class=\"card\">\r\n      <i class=\"fas fa-chart-line\"><\/i>\r\n      <h3>Spreads ultra-baixos<\/h3>\r\n      <p>Negocie com spreads altamente competitivos a partir de 0,0 pips e acesso de liquidez profunda para uma melhor velocidade de execu\u00e7\u00e3o.<\/p>\r\n    <\/div>\r\n    <div class=\"card\">\r\n      <i class=\"fas fa-laptop-code\"><\/i>\r\n      <h3>Plataformas avan\u00e7adas<\/h3>\r\n      <p>Acesso a plataformas propriet\u00e1rias do MetaTrader 4, MetaTrader 5 e propriet\u00e1rios com ferramentas profissionais de gr\u00e1ficos e suporte a v\u00e1rios dispositivos.<\/p>\r\n    <\/div>\r\n    <div class=\"card\">\r\n      <i class=\"fas fa-globe\"><\/i>\r\n      <h3>presen\u00e7a global<\/h3>\r\n      <p>Atendendo clientes em mais de 60 pa\u00edses com suporte ao cliente multil\u00edngue e solu\u00e7\u00f5es de negocia\u00e7\u00e3o localizadas.<\/p>\r\n    <\/div>\r\n    <div class=\"card\">\r\n      <i class=\"fas fa-user-friends\"><\/i>\r\n      <h3>C\u00f3pia e negocia\u00e7\u00e3o social<\/h3>\r\n      <p>Os traders podem copiar estrat\u00e9gias de melhores desempenhos ou compartilhar sua experi\u00eancia com uma comunidade global.<\/p>\r\n    <\/div>\r\n    <div class=\"card\">\r\n      <i class=\"fas fa-hand-holding-usd\"><\/i>\r\n      <h3>Financiamento flex\u00edvel<\/h3>\r\n      <p>Desfrute de dep\u00f3sitos e saques r\u00e1pidos com v\u00e1rios m\u00e9todos, incluindo cart\u00f5es, transfer\u00eancia banc\u00e1ria e carteiras eletr\u00f4nicas.<\/p>\r\n    <\/div>\r\n    <div class=\"card\">\r\n      <i class=\"fas fa-headset\"><\/i>\r\n      <h3>Suporte 24 horas por dia, 7 dias por semana<\/h3>\r\n      <p>O suporte ao cliente dedicado dispon\u00edvel 24 horas por dia para ajudar os traders com as necessidades t\u00e9cnicas e de conta.<\/p>\r\n    <\/div>\r\n    <div class=\"card\">\r\n      <i class=\"fas fa-university\"><\/i>\r\n      <h3>recursos educacionais<\/h3>\r\n      <p>O Doo Prime fornece treinamento, webinars e ferramentas de an\u00e1lise de mercado para ajudar os traders de todos os n\u00edveis a ter sucesso.<\/p>\r\n    <\/div>\r\n  <\/div>\r\n<\/section>\r\n\r\n<footer>\r\n  <p>\u00a9 2025 Doo Prime Brokers Afiliado. Todos os direitos reservados. Licenciado e regulamentado em v\u00e1rias jurisdi\u00e7\u00f5es.<\/p>\r\n<\/footer>\r\n\r\n<\/body>\r\n<\/html>\r\n\t\t\t\t<\/div>\n\t\t\t\t\t<\/div>\n\t\t\t\t<\/div>\n\t\t\t\t<\/div>","protected":false},"excerpt":{"rendered":"<p>&nbsp; &nbsp; Doo Prime Broker A Trusted Global Online Broker with Powerful Advantages About Doo Prime Doo Prime is a [&hellip;]<\/p>\n","protected":false},"author":1,"featured_media":0,"parent":0,"menu_order":0,"comment_status":"closed","ping_status":"closed","template":"elementor_header_footer","meta":{"site-sidebar-layout":"no-sidebar","site-content-layout":"","ast-site-content-layout":"full-width-container","site-content-style":"default","site-sidebar-style":"default","ast-global-header-display":"","ast-banner-title-visibility":"","ast-main-header-display":"","ast-hfb-above-header-display":"","ast-hfb-below-header-display":"","ast-hfb-mobile-header-display":"","site-post-title":"","ast-breadcrumbs-content":"","ast-featured-img":"disabled","footer-sml-layout":"","ast-disable-related-posts":"","theme-transparent-header-meta":"default","adv-header-id-meta":"","stick-header-meta":"","header-above-stick-meta":"","header-main-stick-meta":"","header-below-stick-meta":"","astra-migrate-meta-layouts":"set","ast-page-background-enabled":"default","ast-page-background-meta":{"desktop":{"background-color":"var(--ast-global-color-5)","background-image":"","background-repeat":"repeat","background-position":"center center","background-size":"auto","background-attachment":"scroll","background-type":"","background-media":"","overlay-type":"","overlay-color":"","overlay-opacity":"","overlay-gradient":""},"tablet":{"background-color":"","background-image":"","background-repeat":"repeat","background-position":"center center","background-size":"auto","background-attachment":"scroll","background-type":"","background-media":"","overlay-type":"","overlay-color":"","overlay-opacity":"","overlay-gradient":""},"mobile":{"background-color":"","background-image":"","background-repeat":"repeat","background-position":"center center","background-size":"auto","background-attachment":"scroll","background-type":"","background-media":"","overlay-type":"","overlay-color":"","overlay-opacity":"","overlay-gradient":""}},"ast-content-background-meta":{"desktop":{"background-color":"var(--ast-global-color-4)","background-image":"","background-repeat":"repeat","background-position":"center center","background-size":"auto","background-attachment":"scroll","background-type":"","background-media":"","overlay-type":"","overlay-color":"","overlay-opacity":"","overlay-gradient":""},"tablet":{"background-color":"var(--ast-global-color-4)","background-image":"","background-repeat":"repeat","background-position":"center center","background-size":"auto","background-attachment":"scroll","background-type":"","background-media":"","overlay-type":"","overlay-color":"","overlay-opacity":"","overlay-gradient":""},"mobile":{"background-color":"var(--ast-global-color-4)","background-image":"","background-repeat":"repeat","background-position":"center center","background-size":"auto","background-attachment":"scroll","background-type":"","background-media":"","overlay-type":"","overlay-color":"","overlay-opacity":"","overlay-gradient":""}},"footnotes":""},"class_list":["post-38","page","type-page","status-publish","hentry"],"_links":{"self":[{"href":"https:\/\/dooprimebrokers.com\/pt\/wp-json\/wp\/v2\/pages\/38","targetHints":{"allow":["GET"]}}],"collection":[{"href":"https:\/\/dooprimebrokers.com\/pt\/wp-json\/wp\/v2\/pages"}],"about":[{"href":"https:\/\/dooprimebrokers.com\/pt\/wp-json\/wp\/v2\/types\/page"}],"author":[{"embeddable":true,"href":"https:\/\/dooprimebrokers.com\/pt\/wp-json\/wp\/v2\/users\/1"}],"replies":[{"embeddable":true,"href":"https:\/\/dooprimebrokers.com\/pt\/wp-json\/wp\/v2\/comments?post=38"}],"version-history":[{"count":10,"href":"https:\/\/dooprimebrokers.com\/pt\/wp-json\/wp\/v2\/pages\/38\/revisions"}],"predecessor-version":[{"id":188,"href":"https:\/\/dooprimebrokers.com\/pt\/wp-json\/wp\/v2\/pages\/38\/revisions\/188"}],"wp:attachment":[{"href":"https:\/\/dooprimebrokers.com\/pt\/wp-json\/wp\/v2\/media?parent=38"}],"curies":[{"name":"wp","href":"https:\/\/api.w.org\/{rel}","templated":true}]}}