{"id":38,"date":"2025-08-28T18:36:57","date_gmt":"2025-08-28T18:36:57","guid":{"rendered":"https:\/\/dooprimebrokers.com\/?page_id=38"},"modified":"2025-11-08T17:20:44","modified_gmt":"2025-11-08T17:20:44","slug":"doo-prime-profile-company-hakkinda","status":"publish","type":"page","link":"https:\/\/dooprimebrokers.com\/tr\/about-doo-prime-profile-company\/","title":{"rendered":"DOO Prime Profile Company Hakk\u0131nda"},"content":{"rendered":"<div data-elementor-type=\"wp-page\" data-elementor-id=\"38\" class=\"elementor elementor-38\">\n\t\t\t\t<div class=\"elementor-element elementor-element-0d34051 e-flex e-con-boxed e-con e-parent\" data-id=\"0d34051\" data-element_type=\"container\" data-e-type=\"container\">\n\t\t\t\t\t<div class=\"e-con-inner\">\n\t\t\t\t<div class=\"elementor-element elementor-element-a39c55d elementor-widget elementor-widget-html\" data-id=\"a39c55d\" data-element_type=\"widget\" data-e-type=\"widget\" data-widget_type=\"html.default\">\n\t\t\t\t\t<!DOCTYPE html>\r\n<html lang=\"en\">\r\n<head>\r\n  <meta charset=\"UTF-8\">\r\n  <meta name=\"viewport\" content=\"width=device-width, initial-scale=1.0\">\r\n  <title>DOO Prime Broker - Profil ve Avantajlar<\/title>\r\n  <meta name=\"description\" content=\"G\u00fcvenilir bir k\u00fcresel broker olan Doo Prime hakk\u0131nda daha fazla bilgi edinin. T\u00fcm profilini ve d\u00fcnya \u00e7ap\u0131ndaki t\u00fcccarlar i\u00e7in t\u00fcm \u00f6nemli avantajlar\u0131n\u0131 ke\u015ffedin.\">\r\n  <link rel=\"stylesheet\" href=\"https:\/\/cdnjs.cloudflare.com\/ajax\/libs\/font-awesome\/6.4.0\/css\/all.min.css\">\r\n  <style>\r\n    body {\r\n      margin: 0;\r\n      font-family: \"Segoe UI\", Tahoma, Geneva, Verdana, sans-serif;\r\n      color: #222;\r\n      background-color: #fff;\r\n      line-height: 1.7;\r\n    }\r\n    header {\r\n      background: linear-gradient(135deg, #d40000, #ff3333);\r\n      color: #fff;\r\n      padding: 60px 20px;\r\n      text-align: center;\r\n    }\r\n    header h1 {\r\n      font-size: 2.5rem;\r\n      margin: 0;\r\n    }\r\n    header p {\r\n      font-size: 1.2rem;\r\n      margin-top: 10px;\r\n    }\r\n    section {\r\n      padding: 60px 20px;\r\n      max-width: 1100px;\r\n      margin: auto;\r\n    }\r\n    section h2 {\r\n      color: #d40000;\r\n      font-size: 2rem;\r\n      margin-bottom: 20px;\r\n      text-align: center;\r\n    }\r\n    .card-grid {\r\n      display: grid;\r\n      grid-template-columns: repeat(auto-fit, minmax(280px, 1fr));\r\n      gap: 20px;\r\n    }\r\n    .card {\r\n      background: #fff;\r\n      border: 2px solid #f2f2f2;\r\n      border-radius: 12px;\r\n      padding: 25px;\r\n      box-shadow: 0 6px 14px rgba(0,0,0,0.08);\r\n      text-align: center;\r\n      transition: transform 0.3s ease, box-shadow 0.3s ease;\r\n    }\r\n    .card:hover {\r\n      transform: translateY(-8px);\r\n      box-shadow: 0 10px 18px rgba(0,0,0,0.15);\r\n    }\r\n    .card i {\r\n      font-size: 2rem;\r\n      color: #d40000;\r\n      margin-bottom: 15px;\r\n    }\r\n    .card h3 {\r\n      margin-bottom: 10px;\r\n      font-size: 1.3rem;\r\n      color: #333;\r\n    }\r\n    footer {\r\n      background: #d40000;\r\n      color: #fff;\r\n      text-align: center;\r\n      padding: 30px 15px;\r\n      margin-top: 40px;\r\n    }\r\n    footer p {\r\n      margin: 0;\r\n      font-size: 0.95rem;\r\n    }\r\n    @media (max-width: 768px) {\r\n      header h1 { font-size: 2rem; }\r\n      section { padding: 40px 15px; }\r\n    }\r\n  <\/style>\r\n<\/head>\r\n<body>\r\n\r\n<header>\r\n  <h1>DOO ba\u015frol oyuncusu<\/h1>\r\n  <p>G\u00fc\u00e7l\u00fc avantajlara sahip g\u00fcvenilir bir k\u00fcresel \u00e7evrimi\u00e7i broker<\/p>\r\n<\/header>\r\n\r\n<section id=\"profile\">\r\n  <h2><i class=\"fas fa-user-tie\"><\/i> DOO Prime Hakk\u0131nda<\/h2>\r\n  <p>DOO Prime, Forex, CFD'ler, emtialar, endeksler ve dijital varl\u0131klara eri\u015fim sa\u011flayan lider bir k\u00fcresel \u00e7evrimi\u00e7i ticaret brokeridir. Son teknoloji, g\u00fc\u00e7l\u00fc bir d\u00fczenleyici temel ve t\u00fcccar memnuniyetine odaklanan Doo Prime, sorunsuz ve g\u00fcvenli ticaret deneyimleri sunmay\u0131 taahh\u00fct eder. Broker, Asya, Avrupa, Afrika ve \u00f6tesindeki m\u00fc\u015fterilere g\u00fcvenilir platformlar ve \u015feffaf ko\u015fullarla hizmet vererek uluslararas\u0131 olarak faaliyet g\u00f6stermektedir.<\/p>\r\n<\/section>\r\n\r\n<section id=\"advantages\">\r\n  <h2><i class=\"fas fa-star\"><\/i> Doo Prime'\u0131n Temel Avantajlar\u0131<\/h2>\r\n  <div class=\"card-grid\">\r\n    <div class=\"card\">\r\n      <i class=\"fas fa-shield-alt\"><\/i>\r\n      <h3>D\u00fczenlenmi\u015f ve G\u00fcvenilir<\/h3>\r\n      <p>DOO Prime, d\u00fcnya \u00e7ap\u0131ndaki t\u00fcccarlar i\u00e7in g\u00fcvenlik, \u015feffafl\u0131k ve g\u00fcven sa\u011flamak i\u00e7in birden fazla finansal otorite taraf\u0131ndan lisanslan\u0131r ve d\u00fczenlenir.<\/p>\r\n    <\/div>\r\n    <div class=\"card\">\r\n      <i class=\"fas fa-chart-line\"><\/i>\r\n      <h3>Ultra d\u00fc\u015f\u00fck yay\u0131l\u0131mlar<\/h3>\r\n      <p>Daha iyi y\u00fcr\u00fctme h\u0131z\u0131 i\u00e7in 0,0 pip ve derin likidite eri\u015fiminden ba\u015flayarak y\u00fcksek rekabet\u00e7i spreadlerle ticaret yap\u0131n.<\/p>\r\n    <\/div>\r\n    <div class=\"card\">\r\n      <i class=\"fas fa-laptop-code\"><\/i>\r\n      <h3>Geli\u015fmi\u015f platformlar<\/h3>\r\n      <p>Profesyonel grafik ara\u00e7lar\u0131 ve \u00e7oklu cihaz deste\u011fi ile MetaTrader 4, MetaTrader 5 ve tescilli platformlara eri\u015fim.<\/p>\r\n    <\/div>\r\n    <div class=\"card\">\r\n      <i class=\"fas fa-globe\"><\/i>\r\n      <h3>k\u00fcresel mevcudiyet<\/h3>\r\n      <p>\u00c7ok dilli m\u00fc\u015fteri deste\u011fi ve yerelle\u015ftirilmi\u015f ticaret \u00e7\u00f6z\u00fcmleri ile 60'tan fazla \u00fclkede m\u00fc\u015fterilere hizmet vermek.<\/p>\r\n    <\/div>\r\n    <div class=\"card\">\r\n      <i class=\"fas fa-user-friends\"><\/i>\r\n      <h3>Kopya ve Sosyal Ticaret<\/h3>\r\n      <p>T\u00fcccarlar, en iyi performans g\u00f6sterenlerden stratejiler kopyalayabilir veya kendi uzmanl\u0131klar\u0131n\u0131 k\u00fcresel bir toplulukla payla\u015fabilir.<\/p>\r\n    <\/div>\r\n    <div class=\"card\">\r\n      <i class=\"fas fa-hand-holding-usd\"><\/i>\r\n      <h3>Esnek finansman<\/h3>\r\n      <p>Kartlar, banka havalesi ve e-c\u00fczdanlar dahil olmak \u00fczere birden fazla y\u00f6ntemle h\u0131zl\u0131 para yat\u0131rma ve para \u00e7ekme i\u015flemlerinin keyfini \u00e7\u0131kar\u0131n.<\/p>\r\n    <\/div>\r\n    <div class=\"card\">\r\n      <i class=\"fas fa-headset\"><\/i>\r\n      <h3>7\/24 destek<\/h3>\r\n      <p>Teknik ve hesap ihtiya\u00e7lar\u0131 konusunda t\u00fcccarlara yard\u0131mc\u0131 olmak i\u00e7in g\u00fcn\u00fcn her saati \u00f6zel m\u00fc\u015fteri deste\u011fi mevcuttur.<\/p>\r\n    <\/div>\r\n    <div class=\"card\">\r\n      <i class=\"fas fa-university\"><\/i>\r\n      <h3>e\u011fitim kaynaklar\u0131<\/h3>\r\n      <p>DOO Prime, her seviyeden t\u00fcccar\u0131n ba\u015far\u0131l\u0131 olmas\u0131na yard\u0131mc\u0131 olmak i\u00e7in e\u011fitim, web seminerleri ve pazar analizi ara\u00e7lar\u0131 sa\u011flar.<\/p>\r\n    <\/div>\r\n  <\/div>\r\n<\/section>\r\n\r\n<footer>\r\n  <p>\u00a9 2025 DOO Prime Brokers Affiir. T\u00fcm haklar\u0131 sakl\u0131d\u0131r. birden fazla yarg\u0131 alan\u0131nda lisansl\u0131 ve d\u00fczenlenmi\u015ftir.<\/p>\r\n<\/footer>\r\n\r\n<\/body>\r\n<\/html>\r\n\t\t\t\t<\/div>\n\t\t\t\t\t<\/div>\n\t\t\t\t<\/div>\n\t\t\t\t<\/div>","protected":false},"excerpt":{"rendered":"<p>&nbsp; &nbsp; Doo Prime Broker A Trusted Global Online Broker with Powerful Advantages About Doo Prime Doo Prime is a [&hellip;]<\/p>\n","protected":false},"author":1,"featured_media":0,"parent":0,"menu_order":0,"comment_status":"closed","ping_status":"closed","template":"elementor_header_footer","meta":{"site-sidebar-layout":"no-sidebar","site-content-layout":"","ast-site-content-layout":"full-width-container","site-content-style":"default","site-sidebar-style":"default","ast-global-header-display":"","ast-banner-title-visibility":"","ast-main-header-display":"","ast-hfb-above-header-display":"","ast-hfb-below-header-display":"","ast-hfb-mobile-header-display":"","site-post-title":"","ast-breadcrumbs-content":"","ast-featured-img":"disabled","footer-sml-layout":"","ast-disable-related-posts":"","theme-transparent-header-meta":"default","adv-header-id-meta":"","stick-header-meta":"","header-above-stick-meta":"","header-main-stick-meta":"","header-below-stick-meta":"","astra-migrate-meta-layouts":"set","ast-page-background-enabled":"default","ast-page-background-meta":{"desktop":{"background-color":"var(--ast-global-color-5)","background-image":"","background-repeat":"repeat","background-position":"center center","background-size":"auto","background-attachment":"scroll","background-type":"","background-media":"","overlay-type":"","overlay-color":"","overlay-opacity":"","overlay-gradient":""},"tablet":{"background-color":"","background-image":"","background-repeat":"repeat","background-position":"center center","background-size":"auto","background-attachment":"scroll","background-type":"","background-media":"","overlay-type":"","overlay-color":"","overlay-opacity":"","overlay-gradient":""},"mobile":{"background-color":"","background-image":"","background-repeat":"repeat","background-position":"center center","background-size":"auto","background-attachment":"scroll","background-type":"","background-media":"","overlay-type":"","overlay-color":"","overlay-opacity":"","overlay-gradient":""}},"ast-content-background-meta":{"desktop":{"background-color":"var(--ast-global-color-4)","background-image":"","background-repeat":"repeat","background-position":"center center","background-size":"auto","background-attachment":"scroll","background-type":"","background-media":"","overlay-type":"","overlay-color":"","overlay-opacity":"","overlay-gradient":""},"tablet":{"background-color":"var(--ast-global-color-4)","background-image":"","background-repeat":"repeat","background-position":"center center","background-size":"auto","background-attachment":"scroll","background-type":"","background-media":"","overlay-type":"","overlay-color":"","overlay-opacity":"","overlay-gradient":""},"mobile":{"background-color":"var(--ast-global-color-4)","background-image":"","background-repeat":"repeat","background-position":"center center","background-size":"auto","background-attachment":"scroll","background-type":"","background-media":"","overlay-type":"","overlay-color":"","overlay-opacity":"","overlay-gradient":""}},"footnotes":""},"class_list":["post-38","page","type-page","status-publish","hentry"],"_links":{"self":[{"href":"https:\/\/dooprimebrokers.com\/tr\/wp-json\/wp\/v2\/pages\/38","targetHints":{"allow":["GET"]}}],"collection":[{"href":"https:\/\/dooprimebrokers.com\/tr\/wp-json\/wp\/v2\/pages"}],"about":[{"href":"https:\/\/dooprimebrokers.com\/tr\/wp-json\/wp\/v2\/types\/page"}],"author":[{"embeddable":true,"href":"https:\/\/dooprimebrokers.com\/tr\/wp-json\/wp\/v2\/users\/1"}],"replies":[{"embeddable":true,"href":"https:\/\/dooprimebrokers.com\/tr\/wp-json\/wp\/v2\/comments?post=38"}],"version-history":[{"count":10,"href":"https:\/\/dooprimebrokers.com\/tr\/wp-json\/wp\/v2\/pages\/38\/revisions"}],"predecessor-version":[{"id":188,"href":"https:\/\/dooprimebrokers.com\/tr\/wp-json\/wp\/v2\/pages\/38\/revisions\/188"}],"wp:attachment":[{"href":"https:\/\/dooprimebrokers.com\/tr\/wp-json\/wp\/v2\/media?parent=38"}],"curies":[{"name":"zamk","href":"https:\/\/api.w.org\/{rel}","templated":true}]}}