{"id":45,"date":"2025-08-28T18:42:11","date_gmt":"2025-08-28T18:42:11","guid":{"rendered":"https:\/\/dooprimebrokers.com\/?page_id=45"},"modified":"2025-11-08T17:20:17","modified_gmt":"2025-11-08T17:20:17","slug":"doo-prime-hesap-turleri","status":"publish","type":"page","link":"https:\/\/dooprimebrokers.com\/tr\/doo-prime-account-types\/","title":{"rendered":"DOO Prime Hesap T\u00fcrleri"},"content":{"rendered":"<div data-elementor-type=\"wp-page\" data-elementor-id=\"45\" class=\"elementor elementor-45\">\n\t\t\t\t<div class=\"elementor-element elementor-element-15a5372 e-flex e-con-boxed e-con e-parent\" data-id=\"15a5372\" data-element_type=\"container\" data-e-type=\"container\">\n\t\t\t\t\t<div class=\"e-con-inner\">\n\t\t\t\t<div class=\"elementor-element elementor-element-6f0af4d elementor-widget elementor-widget-html\" data-id=\"6f0af4d\" data-element_type=\"widget\" data-e-type=\"widget\" data-widget_type=\"html.default\">\n\t\t\t\t\t<!DOCTYPE html>\r\n<html lang=\"en\">\r\n<head>\r\n  <meta charset=\"UTF-8\">\r\n  <meta name=\"viewport\" content=\"width=device-width, initial-scale=1.0\">\r\n  <title>DOO Prime Hesap T\u00fcrleri | Dooprimebrokers.com<\/title>\r\n  <meta name=\"description\" content=\"DOO Prime hesap t\u00fcrlerini ke\u015ffedin - Cent, Classic, Pro ve VIP. D\u00fc\u015f\u00fck spreadler ve profesyonel platformlarla forex, CFD&#039;ler ve daha fazlas\u0131 i\u00e7in en iyi ticaret hesab\u0131n\u0131 se\u00e7in.\">\r\n  <link rel=\"stylesheet\" href=\"https:\/\/cdnjs.cloudflare.com\/ajax\/libs\/font-awesome\/6.4.0\/css\/all.min.css\">\r\n  <style>\r\n    body { font-family: Arial, sans-serif; margin:0; padding:0; background:#fff; color:#333; }\r\n    header { background:#c40000; color:#fff; text-align:center; padding:40px 20px; }\r\n    header h1 { font-size:2.2em; margin:0; }\r\n    header p { font-size:1.2em; }\r\n    .container { width:90%; max-width:1200px; margin:auto; padding:40px 20px; }\r\n    h2 { text-align:center; font-size:2em; margin-bottom:20px; color:#c40000; }\r\n    .accounts { display:grid; grid-template-columns:repeat(auto-fit, minmax(260px, 1fr)); gap:20px; }\r\n    .card { background:#fff; border:1px solid #ddd; border-radius:12px; padding:25px; box-shadow:0 4px 12px rgba(0,0,0,0.08); transition:.3s; }\r\n    .card:hover { transform:translateY(-8px); box-shadow:0 8px 20px rgba(0,0,0,0.15); }\r\n    .card h3 { color:#c40000; margin-bottom:10px; }\r\n    .card ul { list-style:none; padding:0; margin:15px 0; }\r\n    .card ul li { margin:8px 0; font-size:0.95em; }\r\n    .btn { display:inline-block; margin-top:15px; padding:12px 20px; background:#c40000; color:#fff; border-radius:6px; text-decoration:none; transition:.3s; }\r\n    .btn:hover { background:#a80000; }\r\n    footer { background:#111; color:#eee; padding:25px; text-align:center; font-size:0.9em; }\r\n  <\/style>\r\n<\/head>\r\n<body>\r\n\r\n<header>\r\n  <h1>DOO Prime Hesap T\u00fcrleri<\/h1>\r\n  <p>\u0130\u015flem tarz\u0131n\u0131za uygun hesab\u0131 se\u00e7in. D\u00fc\u015f\u00fck yay\u0131lmalar, h\u0131zl\u0131 y\u00fcr\u00fctme ve profesyonel destek.<\/p>\r\n<\/header>\r\n\r\n<div class=\"container\">\r\n  <h2>Ticaret Hesaplar\u0131m\u0131z<\/h2>\r\n  <div class=\"accounts\">\r\n\r\n    <!-- Cent Account -->\r\n    <div class=\"card\">\r\n      <h3><i class=\"fas fa-coins\"><\/i> centrona<\/h3>\r\n      <ul>\r\n        <li>Minimum Depozito: $5<\/li>\r\n        <li>Kald\u0131ra\u00e7: 1:1000'e kadar<\/li>\r\n        <li>Yay\u0131lma: 1.5 pipden<\/li>\r\n        <li>Y\u00fcr\u00fctme: Piyasa y\u00fcr\u00fctme<\/li>\r\n        <li>Platformlar: MT4 \/ MT5<\/li>\r\n      <\/ul>\r\n      <a class=\"btn\" href=\"https:\/\/my.dooprime.com\/links\/go\/15563\" target=\"_blank\" rel=\"noopener\">a\u00e7 hesap hesab\u0131<\/a>\r\n    <\/div>\r\n\r\n    <!-- STP Account -->\r\n    <div class=\"card\">\r\n      <h3><i class=\"fas fa-chart-line\"><\/i> STP hesab\u0131<\/h3>\r\n      <ul>\r\n        <li>Minimum Depozito: $100<\/li>\r\n        <li>Kald\u0131ra\u00e7: 1:1000'e kadar<\/li>\r\n        <li>Yay\u0131lma: 1.2 pipden<\/li>\r\n        <li>Y\u00fcr\u00fctme: Piyasa y\u00fcr\u00fctme<\/li>\r\n        <li>Platformlar: MT4 \/ MT5<\/li>\r\n      <\/ul>\r\n      <a class=\"btn\" href=\"https:\/\/my.dooprime.com\/links\/go\/15563\" target=\"_blank\" rel=\"noopener\">STP hesab\u0131n\u0131 a\u00e7<\/a>\r\n    <\/div>\r\n\r\n    <!-- ECN Account -->\r\n    <div class=\"card\">\r\n      <h3><i class=\"fas fa-rocket\"><\/i> ECN hesab\u0131<\/h3>\r\n      <ul>\r\n        <li>Minimum Depozito: $100<\/li>\r\n        <li>Kald\u0131ra\u00e7: 1:1000'e kadar<\/li>\r\n        <li>Yay\u0131lma: 0.2 pipden<\/li>\r\n        <li>Komisyon: Taraf ba\u015f\u0131na lot ba\u015f\u0131na $3<\/li>\r\n        <li>Platformlar: MT4 \/ MT5<\/li>\r\n      <\/ul>\r\n      <a class=\"btn\" href=\"https:\/\/my.dooprime.com\/links\/go\/15563\" target=\"_blank\" rel=\"noopener\">ECN hesab\u0131n\u0131 a\u00e7<\/a>\r\n    <\/div>\r\n\r\n\r\n  <\/div>\r\n<\/div>\r\n\r\n<footer>\r\n  <p>\u00a9 2025 DOO Prime Brokers Affiliate | T\u00fcm Haklar\u0131 Sakl\u0131d\u0131r. <br> CFD'lerin ticareti, \u00f6nemli kay\u0131p riski i\u00e7erir.<\/p>\r\n<\/footer>\r\n\r\n<\/body>\r\n<\/html>\r\n\t\t\t\t<\/div>\n\t\t\t\t\t<\/div>\n\t\t\t\t<\/div>\n\t\t\t\t<\/div>","protected":false},"excerpt":{"rendered":"<p>&nbsp; &nbsp; Doo Prime Account Types Choose the account that fits your trading style. Low spreads, fast execution, and professional [&hellip;]<\/p>\n","protected":false},"author":1,"featured_media":0,"parent":0,"menu_order":0,"comment_status":"closed","ping_status":"closed","template":"elementor_header_footer","meta":{"site-sidebar-layout":"no-sidebar","site-content-layout":"","ast-site-content-layout":"full-width-container","site-content-style":"default","site-sidebar-style":"default","ast-global-header-display":"","ast-banner-title-visibility":"","ast-main-header-display":"","ast-hfb-above-header-display":"","ast-hfb-below-header-display":"","ast-hfb-mobile-header-display":"","site-post-title":"","ast-breadcrumbs-content":"","ast-featured-img":"disabled","footer-sml-layout":"","ast-disable-related-posts":"","theme-transparent-header-meta":"default","adv-header-id-meta":"","stick-header-meta":"","header-above-stick-meta":"","header-main-stick-meta":"","header-below-stick-meta":"","astra-migrate-meta-layouts":"set","ast-page-background-enabled":"default","ast-page-background-meta":{"desktop":{"background-color":"var(--ast-global-color-5)","background-image":"","background-repeat":"repeat","background-position":"center center","background-size":"auto","background-attachment":"scroll","background-type":"","background-media":"","overlay-type":"","overlay-color":"","overlay-opacity":"","overlay-gradient":""},"tablet":{"background-color":"","background-image":"","background-repeat":"repeat","background-position":"center center","background-size":"auto","background-attachment":"scroll","background-type":"","background-media":"","overlay-type":"","overlay-color":"","overlay-opacity":"","overlay-gradient":""},"mobile":{"background-color":"","background-image":"","background-repeat":"repeat","background-position":"center center","background-size":"auto","background-attachment":"scroll","background-type":"","background-media":"","overlay-type":"","overlay-color":"","overlay-opacity":"","overlay-gradient":""}},"ast-content-background-meta":{"desktop":{"background-color":"var(--ast-global-color-4)","background-image":"","background-repeat":"repeat","background-position":"center center","background-size":"auto","background-attachment":"scroll","background-type":"","background-media":"","overlay-type":"","overlay-color":"","overlay-opacity":"","overlay-gradient":""},"tablet":{"background-color":"var(--ast-global-color-4)","background-image":"","background-repeat":"repeat","background-position":"center center","background-size":"auto","background-attachment":"scroll","background-type":"","background-media":"","overlay-type":"","overlay-color":"","overlay-opacity":"","overlay-gradient":""},"mobile":{"background-color":"var(--ast-global-color-4)","background-image":"","background-repeat":"repeat","background-position":"center center","background-size":"auto","background-attachment":"scroll","background-type":"","background-media":"","overlay-type":"","overlay-color":"","overlay-opacity":"","overlay-gradient":""}},"footnotes":""},"class_list":["post-45","page","type-page","status-publish","hentry"],"_links":{"self":[{"href":"https:\/\/dooprimebrokers.com\/tr\/wp-json\/wp\/v2\/pages\/45","targetHints":{"allow":["GET"]}}],"collection":[{"href":"https:\/\/dooprimebrokers.com\/tr\/wp-json\/wp\/v2\/pages"}],"about":[{"href":"https:\/\/dooprimebrokers.com\/tr\/wp-json\/wp\/v2\/types\/page"}],"author":[{"embeddable":true,"href":"https:\/\/dooprimebrokers.com\/tr\/wp-json\/wp\/v2\/users\/1"}],"replies":[{"embeddable":true,"href":"https:\/\/dooprimebrokers.com\/tr\/wp-json\/wp\/v2\/comments?post=45"}],"version-history":[{"count":10,"href":"https:\/\/dooprimebrokers.com\/tr\/wp-json\/wp\/v2\/pages\/45\/revisions"}],"predecessor-version":[{"id":187,"href":"https:\/\/dooprimebrokers.com\/tr\/wp-json\/wp\/v2\/pages\/45\/revisions\/187"}],"wp:attachment":[{"href":"https:\/\/dooprimebrokers.com\/tr\/wp-json\/wp\/v2\/media?parent=45"}],"curies":[{"name":"zamk","href":"https:\/\/api.w.org\/{rel}","templated":true}]}}