{"id":54,"date":"2025-08-28T18:50:02","date_gmt":"2025-08-28T18:50:02","guid":{"rendered":"https:\/\/dooprimebrokers.com\/?page_id=54"},"modified":"2025-11-08T17:23:00","modified_gmt":"2025-11-08T17:23:00","slug":"doo-prime-trading-instruments","status":"publish","type":"page","link":"https:\/\/dooprimebrokers.com\/tr\/doo-prime-trading-instruments\/","title":{"rendered":"DOO Prime Ticaret Enstr\u00fcmanlar\u0131"},"content":{"rendered":"<div data-elementor-type=\"wp-page\" data-elementor-id=\"54\" class=\"elementor elementor-54\">\n\t\t\t\t<div class=\"elementor-element elementor-element-fb04888 e-flex e-con-boxed e-con e-parent\" data-id=\"fb04888\" data-element_type=\"container\" data-e-type=\"container\">\n\t\t\t\t\t<div class=\"e-con-inner\">\n\t\t\t\t<div class=\"elementor-element elementor-element-563a7cb elementor-widget elementor-widget-html\" data-id=\"563a7cb\" data-element_type=\"widget\" data-e-type=\"widget\" data-widget_type=\"html.default\">\n\t\t\t\t\t<!DOCTYPE html>\r\n<html lang=\"en\">\r\n<head>\r\n  <meta charset=\"UTF-8\">\r\n  <meta name=\"viewport\" content=\"width=device-width, initial-scale=1.0\">\r\n  <title>DOO Prime Ticaret Enstr\u00fcmanlar\u0131<\/title>\r\n  <meta name=\"description\" content=\"Forex, emtialar, endeksler, hisseler, kripto para birimleri ve ETF&#039;ler dahil olmak \u00fczere t\u00fcm DOO Prime ticaret ara\u00e7lar\u0131n\u0131 ke\u015ffedin. Portf\u00f6y\u00fcn\u00fcz\u00fc k\u00fcresel pazar eri\u015fimi ile \u00e7e\u015fitlendirin.\">\r\n  <link rel=\"stylesheet\" href=\"https:\/\/cdnjs.cloudflare.com\/ajax\/libs\/font-awesome\/6.4.0\/css\/all.min.css\">\r\n  <style>\r\n    body {\r\n      margin: 0;\r\n      font-family: 'Segoe UI', Tahoma, Geneva, Verdana, sans-serif;\r\n      background: #fff;\r\n      color: #333;\r\n      line-height: 1.6;\r\n    }\r\n    header {\r\n      background: linear-gradient(90deg, #d60000, #8c0000);\r\n      color: #fff;\r\n      text-align: center;\r\n      padding: 2rem 1rem;\r\n    }\r\n    header h1 {\r\n      margin: 0;\r\n      font-size: 2.5rem;\r\n    }\r\n    header p {\r\n      margin: .5rem 0 0;\r\n      font-size: 1.1rem;\r\n    }\r\n    .container {\r\n      max-width: 1200px;\r\n      margin: auto;\r\n      padding: 2rem 1rem;\r\n    }\r\n    .section-title {\r\n      text-align: center;\r\n      margin-bottom: 2rem;\r\n      font-size: 2rem;\r\n      color: #d60000;\r\n    }\r\n    .instruments {\r\n      display: grid;\r\n      grid-template-columns: repeat(auto-fit, minmax(280px, 1fr));\r\n      gap: 1.5rem;\r\n    }\r\n    .card {\r\n      background: #fff;\r\n      border: 1px solid #eee;\r\n      border-radius: 12px;\r\n      padding: 2rem;\r\n      box-shadow: 0 4px 8px rgba(0,0,0,0.05);\r\n      transition: all .3s ease;\r\n      text-align: center;\r\n    }\r\n    .card:hover {\r\n      transform: translateY(-5px);\r\n      box-shadow: 0 8px 16px rgba(0,0,0,0.1);\r\n    }\r\n    .card i {\r\n      font-size: 2.5rem;\r\n      color: #d60000;\r\n      margin-bottom: 1rem;\r\n    }\r\n    .card h3 {\r\n      margin-bottom: .8rem;\r\n      color: #8c0000;\r\n      font-size: 1.4rem;\r\n    }\r\n    .card p {\r\n      font-size: .95rem;\r\n    }\r\n    .cta-section {\r\n      text-align: center;\r\n      margin: 3rem 0 2rem;\r\n    }\r\n    .btn {\r\n      display: inline-block;\r\n      background: #d60000;\r\n      color: #fff;\r\n      padding: .8rem 2rem;\r\n      border-radius: 25px;\r\n      text-decoration: none;\r\n      font-weight: bold;\r\n      font-size: 1.1rem;\r\n      transition: all .3s ease;\r\n    }\r\n    .btn:hover {\r\n      background: #8c0000;\r\n    }\r\n    footer {\r\n      background: #8c0000;\r\n      color: #fff;\r\n      text-align: center;\r\n      padding: 1rem;\r\n      margin-top: 2rem;\r\n    }\r\n    @media(max-width:600px) {\r\n      header h1 { font-size: 2rem; }\r\n      .card { padding: 1.5rem; }\r\n    }\r\n  <\/style>\r\n<\/head>\r\n<body>\r\n\r\n<header>\r\n  <h1>DOO Prime Ticaret Enstr\u00fcmanlar\u0131<\/h1>\r\n  <p>Portf\u00f6y\u00fcn\u00fcz\u00fc k\u00fcresel pazarlar ve esnek ara\u00e7larla \u00e7e\u015fitlendirin<\/p>\r\n<\/header>\r\n\r\n<div class=\"container\">\r\n  <h2 class=\"section-title\">Mevcut enstr\u00fcmanlar<\/h2>\r\n  <div class=\"instruments\">\r\n\r\n    <div class=\"card\">\r\n      <i class=\"fas fa-dollar-sign\"><\/i>\r\n      <h3>forex<\/h3>\r\n      <p>S\u0131k\u0131 spreadler ve h\u0131zl\u0131 y\u00fcr\u00fctme ile 60'tan fazla b\u00fcy\u00fck, k\u00fc\u00e7\u00fck ve egzotik d\u00f6viz \u00e7ifti ticareti yap\u0131n. D\u00fcnyan\u0131n en b\u00fcy\u00fck finans piyasas\u0131na 5\/24 eri\u015fin.<\/p>\r\n    <\/div>\r\n\r\n    <div class=\"card\">\r\n      <i class=\"fas fa-oil-can\"><\/i>\r\n      <h3>mal<\/h3>\r\n      <p>Enerji, metal ve tar\u0131m \u00fcr\u00fcnleri ile \u00e7e\u015fitlendirin. Enflasyon ve piyasa oynakl\u0131\u011f\u0131na kar\u015f\u0131 korunmak i\u00e7in petrol, alt\u0131n, g\u00fcm\u00fc\u015f ve daha fazlas\u0131n\u0131 ticareti yap\u0131n.<\/p>\r\n    <\/div>\r\n\r\n    <div class=\"card\">\r\n      <i class=\"fas fa-chart-line\"><\/i>\r\n      <h3>tahkik<\/h3>\r\n      <p>S&amp;P 500, Dow Jones, Dax ve Nikkei gibi k\u00fcresel borsa endekslerine eri\u015fin. Tek pozisyonla geni\u015f pazara maruz kalmaktan yararlan\u0131n.<\/p>\r\n    <\/div>\r\n\r\n    <div class=\"card\">\r\n      <i class=\"fas fa-building\"><\/i>\r\n      <h3>hisse senedi<\/h3>\r\n      <p>ABD, \u0130ngiltere ve Asya hisse senetleri dahil olmak \u00fczere k\u00fcresel \u015firketlere yat\u0131r\u0131m yap\u0131n. Esnek kald\u0131ra\u00e7la Apple, Tesla ve Amazon gibi pop\u00fcler isimleri de\u011fi\u015ftirin.<\/p>\r\n    <\/div>\r\n\r\n    <div class=\"card\">\r\n      <i class=\"fas fa-coins\"><\/i>\r\n      <h3>Kripto para birimleri<\/h3>\r\n      <p>Bitcoin, Ethereum ve Litecoin gibi c\u00fczdanlara ihtiya\u00e7 duymadan \u00f6nde gelen kripto para birimlerini ticareti yap\u0131n. Y\u00fcksek volatiliteli dijital varl\u0131klara g\u00fcvenli bir \u015fekilde eri\u015fin.<\/p>\r\n    <\/div>\r\n\r\n    <div class=\"card\">\r\n      <i class=\"fas fa-chart-pie\"><\/i>\r\n      <h3>ETF'ler<\/h3>\r\n      <p>Borsada i\u015flem g\u00f6ren fonlara sahip sekt\u00f6rlere, emtialara ve pazarlara \u00e7e\u015fitlendirilmi\u015f maruziyet kazan\u0131n. \u015eeffaf fiyatland\u0131rma ile ETF'leri ticareti yap\u0131n.<\/p>\r\n    <\/div>\r\n\r\n  <\/div>\r\n\r\n  <div class=\"cta-section\">\r\n    <a href=\"https:\/\/my.dooprime.com\/links\/go\/15563\" class=\"btn\" target=\"_blank\" rel=\"noopener\">\u015eimdi Hesap A\u00e7<\/a>\r\n  <\/div>\r\n<\/div>\r\n\r\n<footer>\r\n  <p>\u00a9 2025 DOO Prime Brokers. T\u00fcm haklar\u0131 sakl\u0131d\u0131r.<\/p>\r\n<\/footer>\r\n\r\n<\/body>\r\n<\/html>\r\n\t\t\t\t<\/div>\n\t\t\t\t\t<\/div>\n\t\t\t\t<\/div>\n\t\t\t\t<\/div>","protected":false},"excerpt":{"rendered":"<p>&nbsp; &nbsp; Doo Prime Trading Instruments Diversify your portfolio with global markets and flexible instruments Available Instruments Forex Trade over [&hellip;]<\/p>\n","protected":false},"author":1,"featured_media":0,"parent":0,"menu_order":0,"comment_status":"closed","ping_status":"closed","template":"elementor_header_footer","meta":{"site-sidebar-layout":"no-sidebar","site-content-layout":"","ast-site-content-layout":"full-width-container","site-content-style":"default","site-sidebar-style":"default","ast-global-header-display":"","ast-banner-title-visibility":"","ast-main-header-display":"","ast-hfb-above-header-display":"","ast-hfb-below-header-display":"","ast-hfb-mobile-header-display":"","site-post-title":"","ast-breadcrumbs-content":"","ast-featured-img":"disabled","footer-sml-layout":"","ast-disable-related-posts":"","theme-transparent-header-meta":"default","adv-header-id-meta":"","stick-header-meta":"","header-above-stick-meta":"","header-main-stick-meta":"","header-below-stick-meta":"","astra-migrate-meta-layouts":"set","ast-page-background-enabled":"default","ast-page-background-meta":{"desktop":{"background-color":"var(--ast-global-color-5)","background-image":"","background-repeat":"repeat","background-position":"center center","background-size":"auto","background-attachment":"scroll","background-type":"","background-media":"","overlay-type":"","overlay-color":"","overlay-opacity":"","overlay-gradient":""},"tablet":{"background-color":"","background-image":"","background-repeat":"repeat","background-position":"center center","background-size":"auto","background-attachment":"scroll","background-type":"","background-media":"","overlay-type":"","overlay-color":"","overlay-opacity":"","overlay-gradient":""},"mobile":{"background-color":"","background-image":"","background-repeat":"repeat","background-position":"center center","background-size":"auto","background-attachment":"scroll","background-type":"","background-media":"","overlay-type":"","overlay-color":"","overlay-opacity":"","overlay-gradient":""}},"ast-content-background-meta":{"desktop":{"background-color":"var(--ast-global-color-4)","background-image":"","background-repeat":"repeat","background-position":"center center","background-size":"auto","background-attachment":"scroll","background-type":"","background-media":"","overlay-type":"","overlay-color":"","overlay-opacity":"","overlay-gradient":""},"tablet":{"background-color":"var(--ast-global-color-4)","background-image":"","background-repeat":"repeat","background-position":"center center","background-size":"auto","background-attachment":"scroll","background-type":"","background-media":"","overlay-type":"","overlay-color":"","overlay-opacity":"","overlay-gradient":""},"mobile":{"background-color":"var(--ast-global-color-4)","background-image":"","background-repeat":"repeat","background-position":"center center","background-size":"auto","background-attachment":"scroll","background-type":"","background-media":"","overlay-type":"","overlay-color":"","overlay-opacity":"","overlay-gradient":""}},"footnotes":""},"class_list":["post-54","page","type-page","status-publish","hentry"],"_links":{"self":[{"href":"https:\/\/dooprimebrokers.com\/tr\/wp-json\/wp\/v2\/pages\/54","targetHints":{"allow":["GET"]}}],"collection":[{"href":"https:\/\/dooprimebrokers.com\/tr\/wp-json\/wp\/v2\/pages"}],"about":[{"href":"https:\/\/dooprimebrokers.com\/tr\/wp-json\/wp\/v2\/types\/page"}],"author":[{"embeddable":true,"href":"https:\/\/dooprimebrokers.com\/tr\/wp-json\/wp\/v2\/users\/1"}],"replies":[{"embeddable":true,"href":"https:\/\/dooprimebrokers.com\/tr\/wp-json\/wp\/v2\/comments?post=54"}],"version-history":[{"count":9,"href":"https:\/\/dooprimebrokers.com\/tr\/wp-json\/wp\/v2\/pages\/54\/revisions"}],"predecessor-version":[{"id":190,"href":"https:\/\/dooprimebrokers.com\/tr\/wp-json\/wp\/v2\/pages\/54\/revisions\/190"}],"wp:attachment":[{"href":"https:\/\/dooprimebrokers.com\/tr\/wp-json\/wp\/v2\/media?parent=54"}],"curies":[{"name":"zamk","href":"https:\/\/api.w.org\/{rel}","templated":true}]}}