{"id":38,"date":"2025-08-28T18:36:57","date_gmt":"2025-08-28T18:36:57","guid":{"rendered":"https:\/\/dooprimebrokers.com\/?page_id=38"},"modified":"2025-11-08T17:20:44","modified_gmt":"2025-11-08T17:20:44","slug":"gioi-thieu-ve-cong-ty-ho-so-doo-prime","status":"publish","type":"page","link":"https:\/\/dooprimebrokers.com\/vi\/about-doo-prime-profile-company\/","title":{"rendered":"Gi\u1edbi thi\u1ec7u v\u1ec1 C\u00f4ng ty H\u1ed3 s\u01a1 Doo Prime"},"content":{"rendered":"<div data-elementor-type=\"wp-page\" data-elementor-id=\"38\" class=\"elementor elementor-38\">\n\t\t\t\t<div class=\"elementor-element elementor-element-0d34051 e-flex e-con-boxed e-con e-parent\" data-id=\"0d34051\" data-element_type=\"container\" data-e-type=\"container\">\n\t\t\t\t\t<div class=\"e-con-inner\">\n\t\t\t\t<div class=\"elementor-element elementor-element-a39c55d elementor-widget elementor-widget-html\" data-id=\"a39c55d\" data-element_type=\"widget\" data-e-type=\"widget\" data-widget_type=\"html.default\">\n\t\t\t\t\t<!DOCTYPE html>\r\n<html lang=\"en\">\r\n<head>\r\n  <meta charset=\"UTF-8\">\r\n  <meta name=\"viewport\" content=\"width=device-width, initial-scale=1.0\">\r\n  <title>Doo Prime Broker - H\u1ed3 s\u01a1 &amp; \u01afu \u0111i\u1ec3m<\/title>\r\n  <meta name=\"description\" content=\"T\u00ecm hi\u1ec3u th\u00eam v\u1ec1 Doo Prime, m\u1ed9t nh\u00e0 m\u00f4i gi\u1edbi to\u00e0n c\u1ea7u \u0111\u00e1ng tin c\u1eady. Kh\u00e1m ph\u00e1 h\u1ed3 s\u01a1 ho\u00e0n ch\u1ec9nh c\u1ee7a n\u00f3 v\u00e0 t\u1ea5t c\u1ea3 c\u00e1c l\u1ee3i th\u1ebf ch\u00ednh cho c\u00e1c nh\u00e0 giao d\u1ecbch tr\u00ean to\u00e0n th\u1ebf gi\u1edbi.\">\r\n  <link rel=\"stylesheet\" href=\"https:\/\/cdnjs.cloudflare.com\/ajax\/libs\/font-awesome\/6.4.0\/css\/all.min.css\">\r\n  <style>\r\n    body {\r\n      margin: 0;\r\n      font-family: \"Segoe UI\", Tahoma, Geneva, Verdana, sans-serif;\r\n      color: #222;\r\n      background-color: #fff;\r\n      line-height: 1.7;\r\n    }\r\n    header {\r\n      background: linear-gradient(135deg, #d40000, #ff3333);\r\n      color: #fff;\r\n      padding: 60px 20px;\r\n      text-align: center;\r\n    }\r\n    header h1 {\r\n      font-size: 2.5rem;\r\n      margin: 0;\r\n    }\r\n    header p {\r\n      font-size: 1.2rem;\r\n      margin-top: 10px;\r\n    }\r\n    section {\r\n      padding: 60px 20px;\r\n      max-width: 1100px;\r\n      margin: auto;\r\n    }\r\n    section h2 {\r\n      color: #d40000;\r\n      font-size: 2rem;\r\n      margin-bottom: 20px;\r\n      text-align: center;\r\n    }\r\n    .card-grid {\r\n      display: grid;\r\n      grid-template-columns: repeat(auto-fit, minmax(280px, 1fr));\r\n      gap: 20px;\r\n    }\r\n    .card {\r\n      background: #fff;\r\n      border: 2px solid #f2f2f2;\r\n      border-radius: 12px;\r\n      padding: 25px;\r\n      box-shadow: 0 6px 14px rgba(0,0,0,0.08);\r\n      text-align: center;\r\n      transition: transform 0.3s ease, box-shadow 0.3s ease;\r\n    }\r\n    .card:hover {\r\n      transform: translateY(-8px);\r\n      box-shadow: 0 10px 18px rgba(0,0,0,0.15);\r\n    }\r\n    .card i {\r\n      font-size: 2rem;\r\n      color: #d40000;\r\n      margin-bottom: 15px;\r\n    }\r\n    .card h3 {\r\n      margin-bottom: 10px;\r\n      font-size: 1.3rem;\r\n      color: #333;\r\n    }\r\n    footer {\r\n      background: #d40000;\r\n      color: #fff;\r\n      text-align: center;\r\n      padding: 30px 15px;\r\n      margin-top: 40px;\r\n    }\r\n    footer p {\r\n      margin: 0;\r\n      font-size: 0.95rem;\r\n    }\r\n    @media (max-width: 768px) {\r\n      header h1 { font-size: 2rem; }\r\n      section { padding: 40px 15px; }\r\n    }\r\n  <\/style>\r\n<\/head>\r\n<body>\r\n\r\n<header>\r\n  <h1>Doo Prime Broker<\/h1>\r\n  <p>M\u1ed9t nh\u00e0 m\u00f4i gi\u1edbi tr\u1ef1c tuy\u1ebfn to\u00e0n c\u1ea7u \u0111\u00e1ng tin c\u1eady v\u1edbi nh\u1eefng l\u1ee3i th\u1ebf m\u1ea1nh m\u1ebd<\/p>\r\n<\/header>\r\n\r\n<section id=\"profile\">\r\n  <h2><i class=\"fas fa-user-tie\"><\/i> Gi\u1edbi thi\u1ec7u v\u1ec1 Doo Prime<\/h2>\r\n  <p>Doo Prime l\u00e0 nh\u00e0 m\u00f4i gi\u1edbi giao d\u1ecbch tr\u1ef1c tuy\u1ebfn h\u00e0ng \u0111\u1ea7u th\u1ebf gi\u1edbi cung c\u1ea5p quy\u1ec1n truy c\u1eadp v\u00e0o Forex, CFD, h\u00e0ng h\u00f3a, ch\u1ec9 s\u1ed1 v\u00e0 t\u00e0i s\u1ea3n k\u1ef9 thu\u1eadt s\u1ed1. V\u1edbi c\u00f4ng ngh\u1ec7 ti\u00ean ti\u1ebfn, n\u1ec1n t\u1ea3ng qu\u1ea3n l\u00fd m\u1ea1nh m\u1ebd v\u00e0 t\u1eadp trung v\u00e0o s\u1ef1 h\u00e0i l\u00f2ng c\u1ee7a nh\u00e0 giao d\u1ecbch, DOO Prime cam k\u1ebft mang l\u1ea1i tr\u1ea3i nghi\u1ec7m giao d\u1ecbch li\u1ec1n m\u1ea1ch v\u00e0 an to\u00e0n. Nh\u00e0 m\u00f4i gi\u1edbi ho\u1ea1t \u0111\u1ed9ng qu\u1ed1c t\u1ebf, ph\u1ee5c v\u1ee5 kh\u00e1ch h\u00e0ng tr\u00ean kh\u1eafp ch\u00e2u \u00c1, ch\u00e2u \u00c2u, ch\u00e2u Phi v\u00e0 xa h\u01a1n n\u1eefa v\u1edbi c\u00e1c n\u1ec1n t\u1ea3ng \u0111\u00e1ng tin c\u1eady v\u00e0 \u0111i\u1ec1u ki\u1ec7n minh b\u1ea1ch.<\/p>\r\n<\/section>\r\n\r\n<section id=\"advantages\">\r\n  <h2><i class=\"fas fa-star\"><\/i> \u01afu \u0111i\u1ec3m ch\u00ednh c\u1ee7a DOO PRIME<\/h2>\r\n  <div class=\"card-grid\">\r\n    <div class=\"card\">\r\n      <i class=\"fas fa-shield-alt\"><\/i>\r\n      <h3>\u0111\u01b0\u1ee3c \u0111i\u1ec1u ch\u1ec9nh v\u00e0 tin c\u1eady<\/h3>\r\n      <p>Doo Prime \u0111\u01b0\u1ee3c c\u1ea5p ph\u00e9p v\u00e0 qu\u1ea3n l\u00fd b\u1edfi nhi\u1ec1u c\u01a1 quan t\u00e0i ch\u00ednh, \u0111\u1ea3m b\u1ea3o an to\u00e0n, minh b\u1ea1ch v\u00e0 tin t\u01b0\u1edfng cho c\u00e1c nh\u00e0 giao d\u1ecbch tr\u00ean to\u00e0n th\u1ebf gi\u1edbi.<\/p>\r\n    <\/div>\r\n    <div class=\"card\">\r\n      <i class=\"fas fa-chart-line\"><\/i>\r\n      <h3>Ch\u00eanh l\u1ec7ch c\u1ef1c th\u1ea5p<\/h3>\r\n      <p>Giao d\u1ecbch v\u1edbi m\u1ee9c ch\u00eanh l\u1ec7ch c\u1ea1nh tranh cao b\u1eaft \u0111\u1ea7u t\u1eeb 0,0 pips v\u00e0 kh\u1ea3 n\u0103ng truy c\u1eadp thanh kho\u1ea3n s\u00e2u \u0111\u1ec3 c\u00f3 t\u1ed1c \u0111\u1ed9 th\u1ef1c hi\u1ec7n t\u1ed1t h\u01a1n.<\/p>\r\n    <\/div>\r\n    <div class=\"card\">\r\n      <i class=\"fas fa-laptop-code\"><\/i>\r\n      <h3>N\u1ec1n t\u1ea3ng n\u00e2ng cao<\/h3>\r\n      <p>Truy c\u1eadp v\u00e0o MetaTrader 4, MetaTrader 5 v\u00e0 c\u00e1c n\u1ec1n t\u1ea3ng \u0111\u1ed9c quy\u1ec1n v\u1edbi c\u00e1c c\u00f4ng c\u1ee5 bi\u1ec3u \u0111\u1ed3 chuy\u00ean nghi\u1ec7p v\u00e0 h\u1ed7 tr\u1ee3 \u0111a thi\u1ebft b\u1ecb.<\/p>\r\n    <\/div>\r\n    <div class=\"card\">\r\n      <i class=\"fas fa-globe\"><\/i>\r\n      <h3>S\u1ef1 hi\u1ec7n di\u1ec7n to\u00e0n c\u1ea7u<\/h3>\r\n      <p>Ph\u1ee5c v\u1ee5 kh\u00e1ch h\u00e0ng t\u1ea1i h\u01a1n 60 qu\u1ed1c gia v\u1edbi h\u1ed7 tr\u1ee3 kh\u00e1ch h\u00e0ng \u0111a ng\u00f4n ng\u1eef v\u00e0 c\u00e1c gi\u1ea3i ph\u00e1p giao d\u1ecbch n\u1ed9i \u0111\u1ecba h\u00f3a.<\/p>\r\n    <\/div>\r\n    <div class=\"card\">\r\n      <i class=\"fas fa-user-friends\"><\/i>\r\n      <h3>Sao ch\u00e9p &amp; Giao d\u1ecbch x\u00e3 h\u1ed9i<\/h3>\r\n      <p>C\u00e1c nh\u00e0 giao d\u1ecbch c\u00f3 th\u1ec3 sao ch\u00e9p chi\u1ebfn l\u01b0\u1ee3c t\u1eeb nh\u1eefng ng\u01b0\u1eddi ho\u1ea1t \u0111\u1ed9ng h\u00e0ng \u0111\u1ea7u ho\u1eb7c chia s\u1ebb ki\u1ebfn th\u1ee9c chuy\u00ean m\u00f4n c\u1ee7a h\u1ecd v\u1edbi c\u1ed9ng \u0111\u1ed3ng to\u00e0n c\u1ea7u.<\/p>\r\n    <\/div>\r\n    <div class=\"card\">\r\n      <i class=\"fas fa-hand-holding-usd\"><\/i>\r\n      <h3>Ngu\u1ed3n v\u1ed1n linh ho\u1ea1t<\/h3>\r\n      <p>T\u1eadn h\u01b0\u1edfng c\u00e1c kho\u1ea3n ti\u1ec1n g\u1eedi v\u00e0 r\u00fat ti\u1ec1n nhanh v\u1edbi nhi\u1ec1u ph\u01b0\u01a1ng th\u1ee9c bao g\u1ed3m th\u1ebb, chuy\u1ec3n kho\u1ea3n ng\u00e2n h\u00e0ng v\u00e0 v\u00ed \u0111i\u1ec7n t\u1eed.<\/p>\r\n    <\/div>\r\n    <div class=\"card\">\r\n      <i class=\"fas fa-headset\"><\/i>\r\n      <h3>H\u1ed7 tr\u1ee3 24\/7<\/h3>\r\n      <p>H\u1ed7 tr\u1ee3 kh\u00e1ch h\u00e0ng t\u1eadn t\u00ecnh lu\u00f4n s\u1eb5n s\u00e0ng \u0111\u1ec3 h\u1ed7 tr\u1ee3 c\u00e1c nh\u00e0 giao d\u1ecbch v\u1edbi nhu c\u1ea7u k\u1ef9 thu\u1eadt v\u00e0 t\u00e0i kho\u1ea3n.<\/p>\r\n    <\/div>\r\n    <div class=\"card\">\r\n      <i class=\"fas fa-university\"><\/i>\r\n      <h3>T\u00e0i nguy\u00ean gi\u00e1o d\u1ee5c<\/h3>\r\n      <p>Doo Prime cung c\u1ea5p c\u00e1c c\u00f4ng c\u1ee5 \u0111\u00e0o t\u1ea1o, h\u1ed9i th\u1ea3o tr\u00ean web v\u00e0 ph\u00e2n t\u00edch th\u1ecb tr\u01b0\u1eddng \u0111\u1ec3 gi\u00fap c\u00e1c nh\u00e0 giao d\u1ecbch \u1edf m\u1ecdi c\u1ea5p \u0111\u1ed9 th\u00e0nh c\u00f4ng.<\/p>\r\n    <\/div>\r\n  <\/div>\r\n<\/section>\r\n\r\n<footer>\r\n  <p>\u00a9 2025 Doo Prime Brokers Affiliate. M\u1ecdi quy\u1ec1n \u0111\u01b0\u1ee3c b\u1ea3o l\u01b0u. \u0111\u01b0\u1ee3c c\u1ea5p ph\u00e9p v\u00e0 quy \u0111\u1ecbnh theo nhi\u1ec1u khu v\u1ef1c ph\u00e1p l\u00fd.<\/p>\r\n<\/footer>\r\n\r\n<\/body>\r\n<\/html>\r\n\t\t\t\t<\/div>\n\t\t\t\t\t<\/div>\n\t\t\t\t<\/div>\n\t\t\t\t<\/div>","protected":false},"excerpt":{"rendered":"<p>&nbsp; &nbsp; Doo Prime Broker A Trusted Global Online Broker with Powerful Advantages About Doo Prime Doo Prime is a [&hellip;]<\/p>\n","protected":false},"author":1,"featured_media":0,"parent":0,"menu_order":0,"comment_status":"closed","ping_status":"closed","template":"elementor_header_footer","meta":{"site-sidebar-layout":"no-sidebar","site-content-layout":"","ast-site-content-layout":"full-width-container","site-content-style":"default","site-sidebar-style":"default","ast-global-header-display":"","ast-banner-title-visibility":"","ast-main-header-display":"","ast-hfb-above-header-display":"","ast-hfb-below-header-display":"","ast-hfb-mobile-header-display":"","site-post-title":"","ast-breadcrumbs-content":"","ast-featured-img":"disabled","footer-sml-layout":"","ast-disable-related-posts":"","theme-transparent-header-meta":"default","adv-header-id-meta":"","stick-header-meta":"","header-above-stick-meta":"","header-main-stick-meta":"","header-below-stick-meta":"","astra-migrate-meta-layouts":"set","ast-page-background-enabled":"default","ast-page-background-meta":{"desktop":{"background-color":"var(--ast-global-color-5)","background-image":"","background-repeat":"repeat","background-position":"center center","background-size":"auto","background-attachment":"scroll","background-type":"","background-media":"","overlay-type":"","overlay-color":"","overlay-opacity":"","overlay-gradient":""},"tablet":{"background-color":"","background-image":"","background-repeat":"repeat","background-position":"center center","background-size":"auto","background-attachment":"scroll","background-type":"","background-media":"","overlay-type":"","overlay-color":"","overlay-opacity":"","overlay-gradient":""},"mobile":{"background-color":"","background-image":"","background-repeat":"repeat","background-position":"center center","background-size":"auto","background-attachment":"scroll","background-type":"","background-media":"","overlay-type":"","overlay-color":"","overlay-opacity":"","overlay-gradient":""}},"ast-content-background-meta":{"desktop":{"background-color":"var(--ast-global-color-4)","background-image":"","background-repeat":"repeat","background-position":"center center","background-size":"auto","background-attachment":"scroll","background-type":"","background-media":"","overlay-type":"","overlay-color":"","overlay-opacity":"","overlay-gradient":""},"tablet":{"background-color":"var(--ast-global-color-4)","background-image":"","background-repeat":"repeat","background-position":"center center","background-size":"auto","background-attachment":"scroll","background-type":"","background-media":"","overlay-type":"","overlay-color":"","overlay-opacity":"","overlay-gradient":""},"mobile":{"background-color":"var(--ast-global-color-4)","background-image":"","background-repeat":"repeat","background-position":"center center","background-size":"auto","background-attachment":"scroll","background-type":"","background-media":"","overlay-type":"","overlay-color":"","overlay-opacity":"","overlay-gradient":""}},"footnotes":""},"class_list":["post-38","page","type-page","status-publish","hentry"],"_links":{"self":[{"href":"https:\/\/dooprimebrokers.com\/vi\/wp-json\/wp\/v2\/pages\/38","targetHints":{"allow":["GET"]}}],"collection":[{"href":"https:\/\/dooprimebrokers.com\/vi\/wp-json\/wp\/v2\/pages"}],"about":[{"href":"https:\/\/dooprimebrokers.com\/vi\/wp-json\/wp\/v2\/types\/page"}],"author":[{"embeddable":true,"href":"https:\/\/dooprimebrokers.com\/vi\/wp-json\/wp\/v2\/users\/1"}],"replies":[{"embeddable":true,"href":"https:\/\/dooprimebrokers.com\/vi\/wp-json\/wp\/v2\/comments?post=38"}],"version-history":[{"count":10,"href":"https:\/\/dooprimebrokers.com\/vi\/wp-json\/wp\/v2\/pages\/38\/revisions"}],"predecessor-version":[{"id":188,"href":"https:\/\/dooprimebrokers.com\/vi\/wp-json\/wp\/v2\/pages\/38\/revisions\/188"}],"wp:attachment":[{"href":"https:\/\/dooprimebrokers.com\/vi\/wp-json\/wp\/v2\/media?parent=38"}],"curies":[{"name":"WP","href":"https:\/\/api.w.org\/{rel}","templated":true}]}}